{"id":256,"date":"2022-02-04T22:26:07","date_gmt":"2022-02-04T22:26:07","guid":{"rendered":"https:\/\/www.dm.unipi.it\/didattica\/ordinamento-del-corso-di-laurea-tiennale\/"},"modified":"2025-11-26T09:40:34","modified_gmt":"2025-11-26T08:40:34","slug":"ordinamento","status":"publish","type":"page","link":"https:\/\/www.dm.unipi.it\/didattica\/laurea-triennale\/ordinamento\/","title":{"rendered":"Ordinamento"},"content":{"rendered":"\n<p>L&#8217;Ordinamento del Corso di Laurea Triennale in Matematica \u00e8 incluso nella Scheda Unica Annuale (SUA-CdS); in particolare esso \u00e8 costituito dai quadri indicati con la sigla &#8220;RaD&#8221;. \u00c8 possibile trovare la SUA alla <a href=\"https:\/\/www.dm.unipi.it\/assicurazione-della-qualita\/attivita-di-monitoraggio-e-riesame-relativi-alla-didattica\/scheda-sua-cds\/\" target=\"_blank\" rel=\"noreferrer noopener\">pagina dedicata<\/a> nella sezione Qualit\u00e0.<\/p>\n","protected":false},"excerpt":{"rendered":"<p>L&#8217;Ordinamento del Corso di Laurea Triennale in Matematica \u00e8 incluso nella Scheda Unica Annuale (SUA-CdS); in particolare esso \u00e8 costituito&hellip;<\/p>\n<p><a class=\"btn btn-dark btn-sm unipi-read-more-link\" href=\"https:\/\/www.dm.unipi.it\/didattica\/laurea-triennale\/ordinamento\/\">Leggi tutto&#8230;<\/a><\/p>\n","protected":false},"author":1,"featured_media":0,"parent":3761,"menu_order":0,"comment_status":"closed","ping_status":"closed","template":"","meta":{"_acf_changed":false,"footnotes":""},"class_list":["post-256","page","type-page","status-publish","hentry"],"acf":[],"yoast_head":"<!-- This site is optimized with the Yoast SEO plugin v27.3 - https:\/\/yoast.com\/product\/yoast-seo-wordpress\/ -->\n<title>Ordinamento - Didattica<\/title>\n<meta name=\"robots\" content=\"index, follow, max-snippet:-1, max-image-preview:large, max-video-preview:-1\" \/>\n<link rel=\"canonical\" href=\"https:\/\/www.dm.unipi.it\/didattica\/laurea-triennale\/ordinamento\/\" \/>\n<meta property=\"og:locale\" content=\"it_IT\" \/>\n<meta property=\"og:type\" content=\"article\" \/>\n<meta property=\"og:title\" content=\"Ordinamento - Didattica\" \/>\n<meta property=\"og:description\" content=\"L&#8217;Ordinamento del Corso di Laurea Triennale in Matematica \u00e8 incluso nella Scheda Unica Annuale (SUA-CdS); in particolare esso \u00e8 costituito&hellip;Leggi tutto...\" \/>\n<meta property=\"og:url\" content=\"https:\/\/www.dm.unipi.it\/didattica\/laurea-triennale\/ordinamento\/\" \/>\n<meta property=\"og:site_name\" content=\"Didattica\" \/>\n<meta property=\"article:modified_time\" content=\"2025-11-26T08:40:34+00:00\" \/>\n<meta name=\"twitter:card\" content=\"summary_large_image\" \/>\n<script type=\"application\/ld+json\" class=\"yoast-schema-graph\">{\"@context\":\"https:\\\/\\\/schema.org\",\"@graph\":[{\"@type\":\"WebPage\",\"@id\":\"https:\\\/\\\/www.dm.unipi.it\\\/didattica\\\/laurea-triennale\\\/ordinamento\\\/\",\"url\":\"https:\\\/\\\/www.dm.unipi.it\\\/didattica\\\/laurea-triennale\\\/ordinamento\\\/\",\"name\":\"Ordinamento - Didattica\",\"isPartOf\":{\"@id\":\"https:\\\/\\\/www.dm.unipi.it\\\/didattica\\\/#website\"},\"datePublished\":\"2022-02-04T22:26:07+00:00\",\"dateModified\":\"2025-11-26T08:40:34+00:00\",\"breadcrumb\":{\"@id\":\"https:\\\/\\\/www.dm.unipi.it\\\/didattica\\\/laurea-triennale\\\/ordinamento\\\/#breadcrumb\"},\"inLanguage\":\"it-IT\",\"potentialAction\":[{\"@type\":\"ReadAction\",\"target\":[\"https:\\\/\\\/www.dm.unipi.it\\\/didattica\\\/laurea-triennale\\\/ordinamento\\\/\"]}]},{\"@type\":\"BreadcrumbList\",\"@id\":\"https:\\\/\\\/www.dm.unipi.it\\\/didattica\\\/laurea-triennale\\\/ordinamento\\\/#breadcrumb\",\"itemListElement\":[{\"@type\":\"ListItem\",\"position\":1,\"name\":\"Home\",\"item\":\"https:\\\/\\\/www.dm.unipi.it\\\/didattica\\\/\"},{\"@type\":\"ListItem\",\"position\":2,\"name\":\"Laurea Triennale\",\"item\":\"https:\\\/\\\/www.dm.unipi.it\\\/didattica\\\/laurea-triennale\\\/\"},{\"@type\":\"ListItem\",\"position\":3,\"name\":\"Ordinamento\"}]},{\"@type\":\"WebSite\",\"@id\":\"https:\\\/\\\/www.dm.unipi.it\\\/didattica\\\/#website\",\"url\":\"https:\\\/\\\/www.dm.unipi.it\\\/didattica\\\/\",\"name\":\"Didattica\",\"description\":\"Dipartimento di Matematica - Universit\u00e0 di Pisa\",\"publisher\":{\"@id\":\"https:\\\/\\\/www.dm.unipi.it\\\/didattica\\\/#organization\"},\"potentialAction\":[{\"@type\":\"SearchAction\",\"target\":{\"@type\":\"EntryPoint\",\"urlTemplate\":\"https:\\\/\\\/www.dm.unipi.it\\\/didattica\\\/?s={search_term_string}\"},\"query-input\":{\"@type\":\"PropertyValueSpecification\",\"valueRequired\":true,\"valueName\":\"search_term_string\"}}],\"inLanguage\":\"it-IT\"},{\"@type\":\"Organization\",\"@id\":\"https:\\\/\\\/www.dm.unipi.it\\\/didattica\\\/#organization\",\"name\":\"Didattica\",\"url\":\"https:\\\/\\\/www.dm.unipi.it\\\/didattica\\\/\",\"logo\":{\"@type\":\"ImageObject\",\"inLanguage\":\"it-IT\",\"@id\":\"https:\\\/\\\/www.dm.unipi.it\\\/didattica\\\/#\\\/schema\\\/logo\\\/image\\\/\",\"url\":\"https:\\\/\\\/www.dm.unipi.it\\\/didattica\\\/wp-content\\\/uploads\\\/sites\\\/3\\\/2022\\\/07\\\/matematica_dx_bianco-1.png\",\"contentUrl\":\"https:\\\/\\\/www.dm.unipi.it\\\/didattica\\\/wp-content\\\/uploads\\\/sites\\\/3\\\/2022\\\/07\\\/matematica_dx_bianco-1.png\",\"width\":1612,\"height\":463,\"caption\":\"Didattica\"},\"image\":{\"@id\":\"https:\\\/\\\/www.dm.unipi.it\\\/didattica\\\/#\\\/schema\\\/logo\\\/image\\\/\"}}]}<\/script>\n<!-- \/ Yoast SEO plugin. -->","yoast_head_json":{"title":"Ordinamento - Didattica","robots":{"index":"index","follow":"follow","max-snippet":"max-snippet:-1","max-image-preview":"max-image-preview:large","max-video-preview":"max-video-preview:-1"},"canonical":"https:\/\/www.dm.unipi.it\/didattica\/laurea-triennale\/ordinamento\/","og_locale":"it_IT","og_type":"article","og_title":"Ordinamento - Didattica","og_description":"L&#8217;Ordinamento del Corso di Laurea Triennale in Matematica \u00e8 incluso nella Scheda Unica Annuale (SUA-CdS); in particolare esso \u00e8 costituito&hellip;Leggi tutto...","og_url":"https:\/\/www.dm.unipi.it\/didattica\/laurea-triennale\/ordinamento\/","og_site_name":"Didattica","article_modified_time":"2025-11-26T08:40:34+00:00","twitter_card":"summary_large_image","schema":{"@context":"https:\/\/schema.org","@graph":[{"@type":"WebPage","@id":"https:\/\/www.dm.unipi.it\/didattica\/laurea-triennale\/ordinamento\/","url":"https:\/\/www.dm.unipi.it\/didattica\/laurea-triennale\/ordinamento\/","name":"Ordinamento - Didattica","isPartOf":{"@id":"https:\/\/www.dm.unipi.it\/didattica\/#website"},"datePublished":"2022-02-04T22:26:07+00:00","dateModified":"2025-11-26T08:40:34+00:00","breadcrumb":{"@id":"https:\/\/www.dm.unipi.it\/didattica\/laurea-triennale\/ordinamento\/#breadcrumb"},"inLanguage":"it-IT","potentialAction":[{"@type":"ReadAction","target":["https:\/\/www.dm.unipi.it\/didattica\/laurea-triennale\/ordinamento\/"]}]},{"@type":"BreadcrumbList","@id":"https:\/\/www.dm.unipi.it\/didattica\/laurea-triennale\/ordinamento\/#breadcrumb","itemListElement":[{"@type":"ListItem","position":1,"name":"Home","item":"https:\/\/www.dm.unipi.it\/didattica\/"},{"@type":"ListItem","position":2,"name":"Laurea Triennale","item":"https:\/\/www.dm.unipi.it\/didattica\/laurea-triennale\/"},{"@type":"ListItem","position":3,"name":"Ordinamento"}]},{"@type":"WebSite","@id":"https:\/\/www.dm.unipi.it\/didattica\/#website","url":"https:\/\/www.dm.unipi.it\/didattica\/","name":"Didattica","description":"Dipartimento di Matematica - Universit\u00e0 di Pisa","publisher":{"@id":"https:\/\/www.dm.unipi.it\/didattica\/#organization"},"potentialAction":[{"@type":"SearchAction","target":{"@type":"EntryPoint","urlTemplate":"https:\/\/www.dm.unipi.it\/didattica\/?s={search_term_string}"},"query-input":{"@type":"PropertyValueSpecification","valueRequired":true,"valueName":"search_term_string"}}],"inLanguage":"it-IT"},{"@type":"Organization","@id":"https:\/\/www.dm.unipi.it\/didattica\/#organization","name":"Didattica","url":"https:\/\/www.dm.unipi.it\/didattica\/","logo":{"@type":"ImageObject","inLanguage":"it-IT","@id":"https:\/\/www.dm.unipi.it\/didattica\/#\/schema\/logo\/image\/","url":"https:\/\/www.dm.unipi.it\/didattica\/wp-content\/uploads\/sites\/3\/2022\/07\/matematica_dx_bianco-1.png","contentUrl":"https:\/\/www.dm.unipi.it\/didattica\/wp-content\/uploads\/sites\/3\/2022\/07\/matematica_dx_bianco-1.png","width":1612,"height":463,"caption":"Didattica"},"image":{"@id":"https:\/\/www.dm.unipi.it\/didattica\/#\/schema\/logo\/image\/"}}]}},"publishpress_future_action":{"enabled":false,"date":"2026-04-16 10:29:26","action":"change-status","newStatus":"draft","terms":[],"taxonomy":"translation_priority","extraData":[]},"publishpress_future_workflow_manual_trigger":{"enabledWorkflows":[]},"_links":{"self":[{"href":"https:\/\/www.dm.unipi.it\/didattica\/wp-json\/wp\/v2\/pages\/256","targetHints":{"allow":["GET"]}}],"collection":[{"href":"https:\/\/www.dm.unipi.it\/didattica\/wp-json\/wp\/v2\/pages"}],"about":[{"href":"https:\/\/www.dm.unipi.it\/didattica\/wp-json\/wp\/v2\/types\/page"}],"author":[{"embeddable":true,"href":"https:\/\/www.dm.unipi.it\/didattica\/wp-json\/wp\/v2\/users\/1"}],"replies":[{"embeddable":true,"href":"https:\/\/www.dm.unipi.it\/didattica\/wp-json\/wp\/v2\/comments?post=256"}],"version-history":[{"count":8,"href":"https:\/\/www.dm.unipi.it\/didattica\/wp-json\/wp\/v2\/pages\/256\/revisions"}],"predecessor-version":[{"id":3782,"href":"https:\/\/www.dm.unipi.it\/didattica\/wp-json\/wp\/v2\/pages\/256\/revisions\/3782"}],"up":[{"embeddable":true,"href":"https:\/\/www.dm.unipi.it\/didattica\/wp-json\/wp\/v2\/pages\/3761"}],"wp:attachment":[{"href":"https:\/\/www.dm.unipi.it\/didattica\/wp-json\/wp\/v2\/media?parent=256"}],"curies":[{"name":"wp","href":"https:\/\/api.w.org\/{rel}","templated":true}]}}