{"id":269,"date":"2022-02-04T22:26:07","date_gmt":"2022-02-04T22:26:07","guid":{"rendered":"https:\/\/www.dm.unipi.it\/didattica\/segreteria-didattica-matematica\/"},"modified":"2026-02-13T08:51:59","modified_gmt":"2026-02-13T07:51:59","slug":"segreteria-didattica","status":"publish","type":"page","link":"https:\/\/www.dm.unipi.it\/didattica\/segreteria-didattica\/","title":{"rendered":"Segreteria Didattica"},"content":{"rendered":"\n<h4 class=\"wp-block-heading\">Sede<\/h4>\n\n\n\n<p><strong><a href=\"https:\/\/www.dm.unipi.it\/mappa\/?sel=638ccdd850cf34e039249e5d\" target=\"_blank\" rel=\"noreferrer noopener\">Ufficio 207<\/a><\/strong>, primo piano<br>Edificio A<br>Largo Bruno Pontecorvo, 5<br>56127 Pisa, Italia<br>Telefono: 050 2213815<br>Email: <a href=\"mailto:segdid@dm.unipi.it\">segdid@dm.unipi.it<\/a><\/p>\n\n\n\n<h4 class=\"wp-block-heading\">Orario di ricevimento degli studenti<\/h4>\n\n\n\n<p><strong>Ufficio 207<\/strong>, primo piano: marted\u00ec e mercoled\u00ec 10:00-12:00 e 15:00-17:00, venerd\u00ec 11:00-13:00.<\/p>\n\n\n\n<h4 class=\"wp-block-heading\">Composizione dell&#8217;unit\u00e0 didattica<\/h4>\n\n\n<div class=\"d-flex row justify-content-between px-2 pb-4\">\n<div class=\"col-lg-6 col-12 py-2\">\n<div class=\"card h-100 m-2 shadow-sm\">\n<div class=\"card-body\">\n<a href=\"\/scheda-personale\/?person_id=63cef88a0570144d28d41d9d\"><i class=\"fas fa-id-card fa-fw\"><\/i><\/a>\n<span class=\"card-title ml-2 h5\">\nMaria Benvenuti\n<span class=\"badge badge-sm badge-primary ml-2\">Responsabile<\/span>\n<\/span><br>\n<i class=\"fas fa-at mr-3\"><\/i><a href=\"mailto:maria.benvenuti@unipi.it\">maria.benvenuti@unipi.it<\/a>\n<\/div>\n<\/div>\n<\/div>\n\n<div class=\"col-lg-6 col-12 py-2\">\n<div class=\"card h-100 m-2 shadow-sm\">\n<div class=\"card-body\">\n<a href=\"\/scheda-personale\/?person_id=63cef8890570144d28d41d6f\"><i class=\"fas fa-id-card fa-fw\"><\/i><\/a>\n<span class=\"card-title ml-2 h5\">\nGiuliana Curciarello\n\n<\/span><br>\n<i class=\"fas fa-at mr-3\"><\/i><a href=\"mailto:giuliana.curciarello@unipi.it\">giuliana.curciarello@unipi.it<\/a>\n<\/div>\n<\/div>\n<\/div>\n<div class=\"col-lg-6 col-12 py-2\">\n<div class=\"card h-100 m-2 shadow-sm\">\n<div class=\"card-body\">\n<a href=\"\/scheda-personale\/?person_id=63cef8890570144d28d41d15\"><i class=\"fas fa-id-card fa-fw\"><\/i><\/a>\n<span class=\"card-title ml-2 h5\">\nChiara Luzzati\n\n<\/span><br>\n<i class=\"fas fa-at mr-3\"><\/i><a href=\"mailto:chiara.luzzati@unipi.it\">chiara.luzzati@unipi.it<\/a>\n<\/div>\n<\/div>\n<\/div>\n<\/div>\n","protected":false},"excerpt":{"rendered":"<p>Sede Ufficio 207, primo pianoEdificio ALargo Bruno Pontecorvo, 556127 Pisa, ItaliaTelefono: 050 2213815Email: segdid@dm.unipi.it Orario di ricevimento degli studenti Ufficio&hellip;<\/p>\n<p><a class=\"btn btn-dark btn-sm unipi-read-more-link\" href=\"https:\/\/www.dm.unipi.it\/didattica\/segreteria-didattica\/\">Leggi tutto&#8230;<\/a><\/p>\n","protected":false},"author":1,"featured_media":0,"parent":0,"menu_order":0,"comment_status":"closed","ping_status":"closed","template":"","meta":{"_acf_changed":false,"footnotes":""},"class_list":["post-269","page","type-page","status-publish","hentry"],"acf":[],"yoast_head":"<!-- This site is optimized with the Yoast SEO plugin v27.4 - https:\/\/yoast.com\/product\/yoast-seo-wordpress\/ -->\n<title>Segreteria Didattica - Didattica<\/title>\n<meta name=\"robots\" content=\"index, follow, max-snippet:-1, max-image-preview:large, max-video-preview:-1\" \/>\n<link rel=\"canonical\" href=\"https:\/\/www.dm.unipi.it\/didattica\/segreteria-didattica\/\" \/>\n<meta property=\"og:locale\" content=\"it_IT\" \/>\n<meta property=\"og:type\" content=\"article\" \/>\n<meta property=\"og:title\" content=\"Segreteria Didattica - Didattica\" \/>\n<meta property=\"og:description\" content=\"Sede Ufficio 207, primo pianoEdificio ALargo Bruno Pontecorvo, 556127 Pisa, ItaliaTelefono: 050 2213815Email: segdid@dm.unipi.it Orario di ricevimento degli studenti Ufficio&hellip;Leggi tutto...\" \/>\n<meta property=\"og:url\" content=\"https:\/\/www.dm.unipi.it\/didattica\/segreteria-didattica\/\" \/>\n<meta property=\"og:site_name\" content=\"Didattica\" \/>\n<meta property=\"article:modified_time\" content=\"2026-02-13T07:51:59+00:00\" \/>\n<meta name=\"twitter:card\" content=\"summary_large_image\" \/>\n<script type=\"application\/ld+json\" class=\"yoast-schema-graph\">{\"@context\":\"https:\\\/\\\/schema.org\",\"@graph\":[{\"@type\":\"WebPage\",\"@id\":\"https:\\\/\\\/www.dm.unipi.it\\\/didattica\\\/segreteria-didattica\\\/\",\"url\":\"https:\\\/\\\/www.dm.unipi.it\\\/didattica\\\/segreteria-didattica\\\/\",\"name\":\"Segreteria Didattica - Didattica\",\"isPartOf\":{\"@id\":\"https:\\\/\\\/www.dm.unipi.it\\\/didattica\\\/#website\"},\"datePublished\":\"2022-02-04T22:26:07+00:00\",\"dateModified\":\"2026-02-13T07:51:59+00:00\",\"breadcrumb\":{\"@id\":\"https:\\\/\\\/www.dm.unipi.it\\\/didattica\\\/segreteria-didattica\\\/#breadcrumb\"},\"inLanguage\":\"it-IT\",\"potentialAction\":[{\"@type\":\"ReadAction\",\"target\":[\"https:\\\/\\\/www.dm.unipi.it\\\/didattica\\\/segreteria-didattica\\\/\"]}]},{\"@type\":\"BreadcrumbList\",\"@id\":\"https:\\\/\\\/www.dm.unipi.it\\\/didattica\\\/segreteria-didattica\\\/#breadcrumb\",\"itemListElement\":[{\"@type\":\"ListItem\",\"position\":1,\"name\":\"Home\",\"item\":\"https:\\\/\\\/www.dm.unipi.it\\\/didattica\\\/\"},{\"@type\":\"ListItem\",\"position\":2,\"name\":\"Segreteria Didattica\"}]},{\"@type\":\"WebSite\",\"@id\":\"https:\\\/\\\/www.dm.unipi.it\\\/didattica\\\/#website\",\"url\":\"https:\\\/\\\/www.dm.unipi.it\\\/didattica\\\/\",\"name\":\"Didattica\",\"description\":\"Dipartimento di Matematica - Universit\u00e0 di Pisa\",\"publisher\":{\"@id\":\"https:\\\/\\\/www.dm.unipi.it\\\/didattica\\\/#organization\"},\"potentialAction\":[{\"@type\":\"SearchAction\",\"target\":{\"@type\":\"EntryPoint\",\"urlTemplate\":\"https:\\\/\\\/www.dm.unipi.it\\\/didattica\\\/?s={search_term_string}\"},\"query-input\":{\"@type\":\"PropertyValueSpecification\",\"valueRequired\":true,\"valueName\":\"search_term_string\"}}],\"inLanguage\":\"it-IT\"},{\"@type\":\"Organization\",\"@id\":\"https:\\\/\\\/www.dm.unipi.it\\\/didattica\\\/#organization\",\"name\":\"Didattica\",\"url\":\"https:\\\/\\\/www.dm.unipi.it\\\/didattica\\\/\",\"logo\":{\"@type\":\"ImageObject\",\"inLanguage\":\"it-IT\",\"@id\":\"https:\\\/\\\/www.dm.unipi.it\\\/didattica\\\/#\\\/schema\\\/logo\\\/image\\\/\",\"url\":\"https:\\\/\\\/www.dm.unipi.it\\\/didattica\\\/wp-content\\\/uploads\\\/sites\\\/3\\\/2022\\\/07\\\/matematica_dx_bianco-1.png\",\"contentUrl\":\"https:\\\/\\\/www.dm.unipi.it\\\/didattica\\\/wp-content\\\/uploads\\\/sites\\\/3\\\/2022\\\/07\\\/matematica_dx_bianco-1.png\",\"width\":1612,\"height\":463,\"caption\":\"Didattica\"},\"image\":{\"@id\":\"https:\\\/\\\/www.dm.unipi.it\\\/didattica\\\/#\\\/schema\\\/logo\\\/image\\\/\"}}]}<\/script>\n<!-- \/ Yoast SEO plugin. -->","yoast_head_json":{"title":"Segreteria Didattica - Didattica","robots":{"index":"index","follow":"follow","max-snippet":"max-snippet:-1","max-image-preview":"max-image-preview:large","max-video-preview":"max-video-preview:-1"},"canonical":"https:\/\/www.dm.unipi.it\/didattica\/segreteria-didattica\/","og_locale":"it_IT","og_type":"article","og_title":"Segreteria Didattica - Didattica","og_description":"Sede Ufficio 207, primo pianoEdificio ALargo Bruno Pontecorvo, 556127 Pisa, ItaliaTelefono: 050 2213815Email: segdid@dm.unipi.it Orario di ricevimento degli studenti Ufficio&hellip;Leggi tutto...","og_url":"https:\/\/www.dm.unipi.it\/didattica\/segreteria-didattica\/","og_site_name":"Didattica","article_modified_time":"2026-02-13T07:51:59+00:00","twitter_card":"summary_large_image","schema":{"@context":"https:\/\/schema.org","@graph":[{"@type":"WebPage","@id":"https:\/\/www.dm.unipi.it\/didattica\/segreteria-didattica\/","url":"https:\/\/www.dm.unipi.it\/didattica\/segreteria-didattica\/","name":"Segreteria Didattica - Didattica","isPartOf":{"@id":"https:\/\/www.dm.unipi.it\/didattica\/#website"},"datePublished":"2022-02-04T22:26:07+00:00","dateModified":"2026-02-13T07:51:59+00:00","breadcrumb":{"@id":"https:\/\/www.dm.unipi.it\/didattica\/segreteria-didattica\/#breadcrumb"},"inLanguage":"it-IT","potentialAction":[{"@type":"ReadAction","target":["https:\/\/www.dm.unipi.it\/didattica\/segreteria-didattica\/"]}]},{"@type":"BreadcrumbList","@id":"https:\/\/www.dm.unipi.it\/didattica\/segreteria-didattica\/#breadcrumb","itemListElement":[{"@type":"ListItem","position":1,"name":"Home","item":"https:\/\/www.dm.unipi.it\/didattica\/"},{"@type":"ListItem","position":2,"name":"Segreteria Didattica"}]},{"@type":"WebSite","@id":"https:\/\/www.dm.unipi.it\/didattica\/#website","url":"https:\/\/www.dm.unipi.it\/didattica\/","name":"Didattica","description":"Dipartimento di Matematica - Universit\u00e0 di Pisa","publisher":{"@id":"https:\/\/www.dm.unipi.it\/didattica\/#organization"},"potentialAction":[{"@type":"SearchAction","target":{"@type":"EntryPoint","urlTemplate":"https:\/\/www.dm.unipi.it\/didattica\/?s={search_term_string}"},"query-input":{"@type":"PropertyValueSpecification","valueRequired":true,"valueName":"search_term_string"}}],"inLanguage":"it-IT"},{"@type":"Organization","@id":"https:\/\/www.dm.unipi.it\/didattica\/#organization","name":"Didattica","url":"https:\/\/www.dm.unipi.it\/didattica\/","logo":{"@type":"ImageObject","inLanguage":"it-IT","@id":"https:\/\/www.dm.unipi.it\/didattica\/#\/schema\/logo\/image\/","url":"https:\/\/www.dm.unipi.it\/didattica\/wp-content\/uploads\/sites\/3\/2022\/07\/matematica_dx_bianco-1.png","contentUrl":"https:\/\/www.dm.unipi.it\/didattica\/wp-content\/uploads\/sites\/3\/2022\/07\/matematica_dx_bianco-1.png","width":1612,"height":463,"caption":"Didattica"},"image":{"@id":"https:\/\/www.dm.unipi.it\/didattica\/#\/schema\/logo\/image\/"}}]}},"publishpress_future_action":{"enabled":false,"date":"2026-04-21 17:34:41","action":"change-status","newStatus":"draft","terms":[],"taxonomy":"translation_priority","extraData":[]},"publishpress_future_workflow_manual_trigger":{"enabledWorkflows":[]},"_links":{"self":[{"href":"https:\/\/www.dm.unipi.it\/didattica\/wp-json\/wp\/v2\/pages\/269","targetHints":{"allow":["GET"]}}],"collection":[{"href":"https:\/\/www.dm.unipi.it\/didattica\/wp-json\/wp\/v2\/pages"}],"about":[{"href":"https:\/\/www.dm.unipi.it\/didattica\/wp-json\/wp\/v2\/types\/page"}],"author":[{"embeddable":true,"href":"https:\/\/www.dm.unipi.it\/didattica\/wp-json\/wp\/v2\/users\/1"}],"replies":[{"embeddable":true,"href":"https:\/\/www.dm.unipi.it\/didattica\/wp-json\/wp\/v2\/comments?post=269"}],"version-history":[{"count":27,"href":"https:\/\/www.dm.unipi.it\/didattica\/wp-json\/wp\/v2\/pages\/269\/revisions"}],"predecessor-version":[{"id":4155,"href":"https:\/\/www.dm.unipi.it\/didattica\/wp-json\/wp\/v2\/pages\/269\/revisions\/4155"}],"wp:attachment":[{"href":"https:\/\/www.dm.unipi.it\/didattica\/wp-json\/wp\/v2\/media?parent=269"}],"curies":[{"name":"wp","href":"https:\/\/api.w.org\/{rel}","templated":true}]}}