{"id":3549,"date":"2025-10-31T13:44:18","date_gmt":"2025-10-31T12:44:18","guid":{"rendered":"https:\/\/www.dm.unipi.it\/didattica\/?page_id=3549"},"modified":"2025-11-25T10:11:43","modified_gmt":"2025-11-25T09:11:43","slug":"borse-di-studio","status":"publish","type":"page","link":"https:\/\/www.dm.unipi.it\/didattica\/info-utili\/borse-di-studio\/","title":{"rendered":"Borse di studio"},"content":{"rendered":"\n<h3 class=\"wp-block-heading\">Borsa di studio DSU<\/h3>\n\n\n\n<p>Gli studenti possono richiedere una borsa di studio del DSU (Azienda della Regione Toscana per il Diritto allo Studio Universitario) e ottenere l&#8217;esonero dalle tasse universitarie o la loro riduzione sulla base del reddito familiare.<\/p>\n\n\n\n<p>La borsa di studio completa comprende vitto e alloggio gratuiti e l&#8217;erogazione di un contributo per eventuali spese ulteriori (attivit\u00e0 sportive, libri, ecc.).<\/p>\n\n\n\n<p>Per maggiori informazioni si prega di consultare la <a href=\"https:\/\/www.unipi.it\/didattica\/iscrizioni\/immatricolazioni-e-iscrizioni\/iscrizioni-per-studenti-internazionali\/borsa-di-studio-del-dsu\/\" target=\"_blank\" rel=\"noreferrer noopener\">relativa pagina sul sito dell&#8217;ateneo<\/a> e il sito del <a href=\"https:\/\/www.dsu.toscana.it\/\" target=\"_blank\" rel=\"noreferrer noopener\">DSU Toscana<\/a>.<\/p>\n\n\n\n<h3 class=\"wp-block-heading\">Borsa di studio INdAM<\/h3>\n\n\n\n<p>Una ulteriore e molto importante opportunit\u00e0 per chi si iscrive a Matematica \u00e8 rappresentata dalle borse di studio dell&#8217;INdAM (Istituto Nazionale di Alta Matematica &#8220;Francesco Severi&#8221;).<\/p>\n\n\n\n<h4 class=\"wp-block-heading\">Laurea Triennale<\/h4>\n\n\n\n<p>Le <a href=\"https:\/\/www.altamatematica.it\" target=\"_blank\" rel=\"noreferrer noopener\">borse di studio dell&#8217;INdAM<\/a> sono assegnate attraverso un concorso nazionale. Di solito vengono bandite almeno 30 borse di studio ciascuna del valore di 4.000 euro. I vincitori di tali borse non possono cumularle con altre borse di studio ma hanno la possibilit\u00e0 di rinnovare la borsa INdAM per tutta la durata legale del Corso di Laurea (ovvero nel caso di Laurea di primo livello per 3 anni). La condizione per il rinnovo \u00e8 che siano stati superati tutti gli esami previsti per l&#8217;anno di fruizione della borsa e gli anni precedenti, entro il 31 dicembre, con la media di almeno 27\/30 (riferita ai crediti), e nessun voto inferiore ai 24\/30.<br><\/p>\n\n\n\n<h4 class=\"wp-block-heading\">Laurea Magistrale<\/h4>\n\n\n\n<p>Le <a href=\"https:\/\/www.altamatematica.it\" target=\"_blank\" rel=\"noreferrer noopener\">borse di studio dell&#8217;INdAM <\/a>sono assegnate attraverso un concorso nazionale. Il Dipartimento di Matematica di Pisa gi\u00e0 da alcuni anni finanzia regolarmente delle borse aggiuntive, con attenzione alla parit\u00e0 di genere. I vincitori di tali borse non possono cumularle con altre borse di studio ma hanno la possibilit\u00e0 di richiedere un rimborso fino a 1.000 euro per spese di viaggio e pernottamento e pasti per missioni fuori sede in Italia e all&#8217;Estero per partecipazioni a convegni, incontri scientifici e per motivi di studio e ricerca inerenti allo svolgimento della loro tesi di laurea. Inoltre, ai borsisti potr\u00e0 essere assegnato un premio finale di massimo 2.000 euro sulla base della valutazione della tesi di laurea magistrale.<\/p>\n\n\n\n<p>NOTA: Anche per i prossimi anni anni accademici \u00e8 previsto il finanziamento di borse aggiuntive, attraverso i fondi ottenuti come <a href=\"https:\/\/www.dm.unipi.it\/dipartimento-di-eccellenza\/\">Dipartimento di Eccellenza<\/a>.<\/p>\n","protected":false},"excerpt":{"rendered":"<p>Borsa di studio DSU Gli studenti possono richiedere una borsa di studio del DSU (Azienda della Regione Toscana per il&hellip;<\/p>\n<p><a class=\"btn btn-dark btn-sm unipi-read-more-link\" href=\"https:\/\/www.dm.unipi.it\/didattica\/info-utili\/borse-di-studio\/\">Leggi tutto&#8230;<\/a><\/p>\n","protected":false},"author":166,"featured_media":0,"parent":3611,"menu_order":0,"comment_status":"closed","ping_status":"closed","template":"","meta":{"_acf_changed":false,"footnotes":""},"class_list":["post-3549","page","type-page","status-publish","hentry"],"acf":[],"yoast_head":"<!-- This site is optimized with the Yoast SEO plugin v27.5 - https:\/\/yoast.com\/product\/yoast-seo-wordpress\/ -->\n<title>Borse di studio - Didattica<\/title>\n<meta name=\"robots\" content=\"index, follow, max-snippet:-1, max-image-preview:large, max-video-preview:-1\" \/>\n<link rel=\"canonical\" href=\"https:\/\/www.dm.unipi.it\/didattica\/info-utili\/borse-di-studio\/\" \/>\n<meta property=\"og:locale\" content=\"it_IT\" \/>\n<meta property=\"og:type\" content=\"article\" \/>\n<meta property=\"og:title\" content=\"Borse di studio - Didattica\" \/>\n<meta property=\"og:description\" content=\"Borsa di studio DSU Gli studenti possono richiedere una borsa di studio del DSU (Azienda della Regione Toscana per il&hellip;Leggi tutto...\" \/>\n<meta property=\"og:url\" content=\"https:\/\/www.dm.unipi.it\/didattica\/info-utili\/borse-di-studio\/\" \/>\n<meta property=\"og:site_name\" content=\"Didattica\" \/>\n<meta property=\"article:modified_time\" content=\"2025-11-25T09:11:43+00:00\" \/>\n<meta name=\"twitter:card\" content=\"summary_large_image\" \/>\n<script type=\"application\/ld+json\" class=\"yoast-schema-graph\">{\"@context\":\"https:\\\/\\\/schema.org\",\"@graph\":[{\"@type\":\"WebPage\",\"@id\":\"https:\\\/\\\/www.dm.unipi.it\\\/didattica\\\/info-utili\\\/borse-di-studio\\\/\",\"url\":\"https:\\\/\\\/www.dm.unipi.it\\\/didattica\\\/info-utili\\\/borse-di-studio\\\/\",\"name\":\"Borse di studio - Didattica\",\"isPartOf\":{\"@id\":\"https:\\\/\\\/www.dm.unipi.it\\\/didattica\\\/#website\"},\"datePublished\":\"2025-10-31T12:44:18+00:00\",\"dateModified\":\"2025-11-25T09:11:43+00:00\",\"breadcrumb\":{\"@id\":\"https:\\\/\\\/www.dm.unipi.it\\\/didattica\\\/info-utili\\\/borse-di-studio\\\/#breadcrumb\"},\"inLanguage\":\"it-IT\",\"potentialAction\":[{\"@type\":\"ReadAction\",\"target\":[\"https:\\\/\\\/www.dm.unipi.it\\\/didattica\\\/info-utili\\\/borse-di-studio\\\/\"]}]},{\"@type\":\"BreadcrumbList\",\"@id\":\"https:\\\/\\\/www.dm.unipi.it\\\/didattica\\\/info-utili\\\/borse-di-studio\\\/#breadcrumb\",\"itemListElement\":[{\"@type\":\"ListItem\",\"position\":1,\"name\":\"Home\",\"item\":\"https:\\\/\\\/www.dm.unipi.it\\\/didattica\\\/\"},{\"@type\":\"ListItem\",\"position\":2,\"name\":\"Info utili\",\"item\":\"https:\\\/\\\/www.dm.unipi.it\\\/didattica\\\/info-utili\\\/\"},{\"@type\":\"ListItem\",\"position\":3,\"name\":\"Borse di studio\"}]},{\"@type\":\"WebSite\",\"@id\":\"https:\\\/\\\/www.dm.unipi.it\\\/didattica\\\/#website\",\"url\":\"https:\\\/\\\/www.dm.unipi.it\\\/didattica\\\/\",\"name\":\"Didattica\",\"description\":\"Dipartimento di Matematica - Universit\u00e0 di Pisa\",\"publisher\":{\"@id\":\"https:\\\/\\\/www.dm.unipi.it\\\/didattica\\\/#organization\"},\"potentialAction\":[{\"@type\":\"SearchAction\",\"target\":{\"@type\":\"EntryPoint\",\"urlTemplate\":\"https:\\\/\\\/www.dm.unipi.it\\\/didattica\\\/?s={search_term_string}\"},\"query-input\":{\"@type\":\"PropertyValueSpecification\",\"valueRequired\":true,\"valueName\":\"search_term_string\"}}],\"inLanguage\":\"it-IT\"},{\"@type\":\"Organization\",\"@id\":\"https:\\\/\\\/www.dm.unipi.it\\\/didattica\\\/#organization\",\"name\":\"Didattica\",\"url\":\"https:\\\/\\\/www.dm.unipi.it\\\/didattica\\\/\",\"logo\":{\"@type\":\"ImageObject\",\"inLanguage\":\"it-IT\",\"@id\":\"https:\\\/\\\/www.dm.unipi.it\\\/didattica\\\/#\\\/schema\\\/logo\\\/image\\\/\",\"url\":\"https:\\\/\\\/www.dm.unipi.it\\\/didattica\\\/wp-content\\\/uploads\\\/sites\\\/3\\\/2022\\\/07\\\/matematica_dx_bianco-1.png\",\"contentUrl\":\"https:\\\/\\\/www.dm.unipi.it\\\/didattica\\\/wp-content\\\/uploads\\\/sites\\\/3\\\/2022\\\/07\\\/matematica_dx_bianco-1.png\",\"width\":1612,\"height\":463,\"caption\":\"Didattica\"},\"image\":{\"@id\":\"https:\\\/\\\/www.dm.unipi.it\\\/didattica\\\/#\\\/schema\\\/logo\\\/image\\\/\"}}]}<\/script>\n<!-- \/ Yoast SEO plugin. -->","yoast_head_json":{"title":"Borse di studio - Didattica","robots":{"index":"index","follow":"follow","max-snippet":"max-snippet:-1","max-image-preview":"max-image-preview:large","max-video-preview":"max-video-preview:-1"},"canonical":"https:\/\/www.dm.unipi.it\/didattica\/info-utili\/borse-di-studio\/","og_locale":"it_IT","og_type":"article","og_title":"Borse di studio - Didattica","og_description":"Borsa di studio DSU Gli studenti possono richiedere una borsa di studio del DSU (Azienda della Regione Toscana per il&hellip;Leggi tutto...","og_url":"https:\/\/www.dm.unipi.it\/didattica\/info-utili\/borse-di-studio\/","og_site_name":"Didattica","article_modified_time":"2025-11-25T09:11:43+00:00","twitter_card":"summary_large_image","schema":{"@context":"https:\/\/schema.org","@graph":[{"@type":"WebPage","@id":"https:\/\/www.dm.unipi.it\/didattica\/info-utili\/borse-di-studio\/","url":"https:\/\/www.dm.unipi.it\/didattica\/info-utili\/borse-di-studio\/","name":"Borse di studio - Didattica","isPartOf":{"@id":"https:\/\/www.dm.unipi.it\/didattica\/#website"},"datePublished":"2025-10-31T12:44:18+00:00","dateModified":"2025-11-25T09:11:43+00:00","breadcrumb":{"@id":"https:\/\/www.dm.unipi.it\/didattica\/info-utili\/borse-di-studio\/#breadcrumb"},"inLanguage":"it-IT","potentialAction":[{"@type":"ReadAction","target":["https:\/\/www.dm.unipi.it\/didattica\/info-utili\/borse-di-studio\/"]}]},{"@type":"BreadcrumbList","@id":"https:\/\/www.dm.unipi.it\/didattica\/info-utili\/borse-di-studio\/#breadcrumb","itemListElement":[{"@type":"ListItem","position":1,"name":"Home","item":"https:\/\/www.dm.unipi.it\/didattica\/"},{"@type":"ListItem","position":2,"name":"Info utili","item":"https:\/\/www.dm.unipi.it\/didattica\/info-utili\/"},{"@type":"ListItem","position":3,"name":"Borse di studio"}]},{"@type":"WebSite","@id":"https:\/\/www.dm.unipi.it\/didattica\/#website","url":"https:\/\/www.dm.unipi.it\/didattica\/","name":"Didattica","description":"Dipartimento di Matematica - Universit\u00e0 di Pisa","publisher":{"@id":"https:\/\/www.dm.unipi.it\/didattica\/#organization"},"potentialAction":[{"@type":"SearchAction","target":{"@type":"EntryPoint","urlTemplate":"https:\/\/www.dm.unipi.it\/didattica\/?s={search_term_string}"},"query-input":{"@type":"PropertyValueSpecification","valueRequired":true,"valueName":"search_term_string"}}],"inLanguage":"it-IT"},{"@type":"Organization","@id":"https:\/\/www.dm.unipi.it\/didattica\/#organization","name":"Didattica","url":"https:\/\/www.dm.unipi.it\/didattica\/","logo":{"@type":"ImageObject","inLanguage":"it-IT","@id":"https:\/\/www.dm.unipi.it\/didattica\/#\/schema\/logo\/image\/","url":"https:\/\/www.dm.unipi.it\/didattica\/wp-content\/uploads\/sites\/3\/2022\/07\/matematica_dx_bianco-1.png","contentUrl":"https:\/\/www.dm.unipi.it\/didattica\/wp-content\/uploads\/sites\/3\/2022\/07\/matematica_dx_bianco-1.png","width":1612,"height":463,"caption":"Didattica"},"image":{"@id":"https:\/\/www.dm.unipi.it\/didattica\/#\/schema\/logo\/image\/"}}]}},"publishpress_future_action":{"enabled":false,"date":"2026-05-06 14:13:45","action":"change-status","newStatus":"draft","terms":[],"taxonomy":"translation_priority","extraData":[]},"publishpress_future_workflow_manual_trigger":{"enabledWorkflows":[]},"_links":{"self":[{"href":"https:\/\/www.dm.unipi.it\/didattica\/wp-json\/wp\/v2\/pages\/3549","targetHints":{"allow":["GET"]}}],"collection":[{"href":"https:\/\/www.dm.unipi.it\/didattica\/wp-json\/wp\/v2\/pages"}],"about":[{"href":"https:\/\/www.dm.unipi.it\/didattica\/wp-json\/wp\/v2\/types\/page"}],"author":[{"embeddable":true,"href":"https:\/\/www.dm.unipi.it\/didattica\/wp-json\/wp\/v2\/users\/166"}],"replies":[{"embeddable":true,"href":"https:\/\/www.dm.unipi.it\/didattica\/wp-json\/wp\/v2\/comments?post=3549"}],"version-history":[{"count":8,"href":"https:\/\/www.dm.unipi.it\/didattica\/wp-json\/wp\/v2\/pages\/3549\/revisions"}],"predecessor-version":[{"id":3619,"href":"https:\/\/www.dm.unipi.it\/didattica\/wp-json\/wp\/v2\/pages\/3549\/revisions\/3619"}],"up":[{"embeddable":true,"href":"https:\/\/www.dm.unipi.it\/didattica\/wp-json\/wp\/v2\/pages\/3611"}],"wp:attachment":[{"href":"https:\/\/www.dm.unipi.it\/didattica\/wp-json\/wp\/v2\/media?parent=3549"}],"curies":[{"name":"wp","href":"https:\/\/api.w.org\/{rel}","templated":true}]}}