{"id":77,"date":"2022-03-08T23:14:46","date_gmt":"2022-03-08T23:14:46","guid":{"rendered":"https:\/\/www.dm.unipi.it\/phd\/phd-courses-2020-2021\/"},"modified":"2022-04-03T18:43:37","modified_gmt":"2022-04-03T16:43:37","slug":"phd-courses-2020-2021","status":"publish","type":"page","link":"https:\/\/www.dm.unipi.it\/phd\/ph-d-courses\/past-courses\/phd-courses-2020-2021\/","title":{"rendered":"Ph.D. Courses 2020 &#8211; 2021"},"content":{"rendered":"\n<div class=\"wp-block-pb-accordion-item c-accordion__item js-accordion-item no-js\" data-initially-open=\"false\" data-click-to-close=\"true\" data-auto-close=\"true\" data-scroll=\"false\" data-scroll-offset=\"0\"><h4 id=\"at-770\" class=\"c-accordion__title js-accordion-controller\" role=\"button\">Combinatoria dei covarianti diagonali<\/h4><div id=\"ac-770\" class=\"c-accordion__content\">\n<p><strong>Lecturer:<\/strong> Michele D&#8217;Adderio (Universit\u00e9 Libre de Bruxelles)<\/p>\n\n\n\n<p><a href=\"https:\/\/www.dm.unipi.it\/webnew\/sites\/default\/files\/D%27Adderio.pdf\"><strong>Description<\/strong><\/a><\/p>\n\n\n\n<p><strong>Time and room:<\/strong> Tuesday 9:00\u201311:00 room Fib G1; Thursday 14:00\u201316:00 room Fib C<\/p>\n\n\n\n<p><strong><a href=\"https:\/\/teams.microsoft.com\/l\/channel\/19%3af679373d7c344157af1570efbf8674ab%40thread.tacv2\/General?groupId=577cd81b-7358-4fbd-84ab-6861bf9650dc&amp;tenantId=c7456b31-a220-47f5-be52-473828670aa1\" target=\"_blank\" rel=\"noreferrer noopener\">Microsoft Teams link<\/a><\/strong><\/p>\n\n\n\n<p><strong>Notes:<\/strong> The course will begin on 27th April 2021 and lasts about 30 hours.<\/p>\n<\/div><\/div>\n\n\n\n<div class=\"wp-block-pb-accordion-item c-accordion__item js-accordion-item no-js\" data-initially-open=\"false\" data-click-to-close=\"true\" data-auto-close=\"true\" data-scroll=\"false\" data-scroll-offset=\"0\"><h4 id=\"at-771\" class=\"c-accordion__title js-accordion-controller\" role=\"button\">Combinatorial methods in topology<\/h4><div id=\"ac-771\" class=\"c-accordion__content\">\n<p><strong>Lecturer:<\/strong> Emanuele Delucchi (SUPSI; visiting fellow at the Department of Mathematics)<\/p>\n\n\n\n<p><a href=\"https:\/\/www.dm.unipi.it\/webnew\/sites\/default\/files\/Delucchi.pdf\"><strong>Description<\/strong><\/a><\/p>\n\n\n\n<p><strong>Time:<\/strong> Tuesday 14:30\u201316:30; Wednesday 11:15\u201313:00<\/p>\n\n\n\n<p><strong>Notes:<\/strong> Lectures will begin on 20th April 2021; the course lasts about 30 hours. <\/p>\n\n\n\n<p>On Tuesday 20th April the lesson will be from 14:30 to 18:15; on Wednesday 21st April the lesson is canceled. <\/p>\n\n\n\n<p>Lessons will be streamed online; anyone interested in this course is invited to send an email to Prof. Delucchi at <a href=\"mailto:emanuele.delucchi@supsi.ch\">emanuele.delucchi@supsi.ch<\/a>. <\/p>\n\n\n\n<p>Students of the University of Pisa can find the elearning page of this course at the following link: <a href=\"https:\/\/elearning.dm.unipi.it\/enrol\/index.php?id=271\">https:\/\/elearning.dm.unipi.it\/enrol\/index.php?id=271<\/a>.<\/p>\n<\/div><\/div>\n\n\n\n<div class=\"wp-block-pb-accordion-item c-accordion__item js-accordion-item no-js\" data-initially-open=\"false\" data-click-to-close=\"true\" data-auto-close=\"true\" data-scroll=\"false\" data-scroll-offset=\"0\"><h4 id=\"at-772\" class=\"c-accordion__title js-accordion-controller\" role=\"button\">Translation surfaces: from Geometry to Spectral Theory<\/h4><div id=\"ac-772\" class=\"c-accordion__content\">\n<p><strong>Lecturers:<\/strong> Mauro Artigiani (Universidad del Rosario, Bogot\u00e1), Paolo Giulietti (Universit\u00e0 di Pisa)<\/p>\n\n\n\n<p><strong><a href=\"https:\/\/www.dm.unipi.it\/webnew\/sites\/default\/files\/Corso_Artigiani_Giulietti.pdf\">Description<\/a><\/strong><\/p>\n<\/div><\/div>\n\n\n\n<div class=\"wp-block-pb-accordion-item c-accordion__item js-accordion-item no-js\" data-initially-open=\"false\" data-click-to-close=\"true\" data-auto-close=\"true\" data-scroll=\"false\" data-scroll-offset=\"0\"><h4 id=\"at-773\" class=\"c-accordion__title js-accordion-controller\" role=\"button\">Yangians in geometry and representation theory<\/h4><div id=\"ac-773\" class=\"c-accordion__content\">\n<p><strong>Lecturers: <\/strong>Andrea Appel (Universit\u00e0 di Parma), Martina Lanini (Universit\u00e0 di Roma Tor Vergata), Francesco Sala (Universit\u00e0 di Pisa)<\/p>\n\n\n\n<p><a href=\"https:\/\/www.dm.unipi.it\/webnew\/sites\/default\/files\/Sala.pdf\"><strong>Description<\/strong><\/a><\/p>\n\n\n\n<p><strong>Time: <\/strong>Thursday 11:00\u201313:00, from the first Thursday of March to the last Thursday of May<br><strong>Notes: The<\/strong> course lasts about 30 hours and will be held online on the platform Microsoft Teams: anyone interested has to send an email to <a href=\"mailto:francesco.sala@unipi.it\">francesco.sala@unipi.it<\/a> in order to join the Team relative to this course.<\/p>\n\n\n\n<p>The presentation of this course will be on Monday 22nd February at 17:00.<\/p>\n\n\n\n<p><a href=\"https:\/\/grt.cs.dm.unipi.it\/yangians-in-geometry-and-representation-theory\/\"><strong>Link to the webpage of the course<\/strong><\/a><\/p>\n<\/div><\/div>\n","protected":false},"excerpt":{"rendered":"<p><a class=\"btn btn-dark btn-sm unipi-read-more-link\" href=\"https:\/\/www.dm.unipi.it\/phd\/ph-d-courses\/past-courses\/phd-courses-2020-2021\/\">Read More&#8230;<\/a><\/p>\n","protected":false},"author":2,"featured_media":0,"parent":78,"menu_order":0,"comment_status":"closed","ping_status":"closed","template":"","meta":{"_acf_changed":false,"footnotes":""},"class_list":["post-77","page","type-page","status-publish","hentry"],"acf":[],"yoast_head":"<!-- This site is optimized with the Yoast SEO plugin v27.5 - https:\/\/yoast.com\/product\/yoast-seo-wordpress\/ -->\n<title>Ph.D. Courses 2020 - 2021 - Ph.D. in Mathematics<\/title>\n<meta name=\"robots\" content=\"index, follow, max-snippet:-1, max-image-preview:large, max-video-preview:-1\" \/>\n<link rel=\"canonical\" href=\"https:\/\/www.dm.unipi.it\/phd\/ph-d-courses\/past-courses\/phd-courses-2020-2021\/\" \/>\n<meta property=\"og:locale\" content=\"en_US\" \/>\n<meta property=\"og:type\" content=\"article\" \/>\n<meta property=\"og:title\" content=\"Ph.D. Courses 2020 - 2021 - Ph.D. in Mathematics\" \/>\n<meta property=\"og:description\" content=\"Read More...\" \/>\n<meta property=\"og:url\" content=\"https:\/\/www.dm.unipi.it\/phd\/ph-d-courses\/past-courses\/phd-courses-2020-2021\/\" \/>\n<meta property=\"og:site_name\" content=\"Ph.D. in Mathematics\" \/>\n<meta property=\"article:modified_time\" content=\"2022-04-03T16:43:37+00:00\" \/>\n<meta name=\"twitter:card\" content=\"summary_large_image\" \/>\n<meta name=\"twitter:label1\" content=\"Est. reading time\" \/>\n\t<meta name=\"twitter:data1\" content=\"2 minutes\" \/>\n<script type=\"application\/ld+json\" class=\"yoast-schema-graph\">{\"@context\":\"https:\\\/\\\/schema.org\",\"@graph\":[{\"@type\":\"WebPage\",\"@id\":\"https:\\\/\\\/www.dm.unipi.it\\\/phd\\\/ph-d-courses\\\/past-courses\\\/phd-courses-2020-2021\\\/\",\"url\":\"https:\\\/\\\/www.dm.unipi.it\\\/phd\\\/ph-d-courses\\\/past-courses\\\/phd-courses-2020-2021\\\/\",\"name\":\"Ph.D. Courses 2020 - 2021 - Ph.D. in Mathematics\",\"isPartOf\":{\"@id\":\"https:\\\/\\\/www.dm.unipi.it\\\/phd\\\/#website\"},\"datePublished\":\"2022-03-08T23:14:46+00:00\",\"dateModified\":\"2022-04-03T16:43:37+00:00\",\"breadcrumb\":{\"@id\":\"https:\\\/\\\/www.dm.unipi.it\\\/phd\\\/ph-d-courses\\\/past-courses\\\/phd-courses-2020-2021\\\/#breadcrumb\"},\"inLanguage\":\"en-US\",\"potentialAction\":[{\"@type\":\"ReadAction\",\"target\":[\"https:\\\/\\\/www.dm.unipi.it\\\/phd\\\/ph-d-courses\\\/past-courses\\\/phd-courses-2020-2021\\\/\"]}]},{\"@type\":\"BreadcrumbList\",\"@id\":\"https:\\\/\\\/www.dm.unipi.it\\\/phd\\\/ph-d-courses\\\/past-courses\\\/phd-courses-2020-2021\\\/#breadcrumb\",\"itemListElement\":[{\"@type\":\"ListItem\",\"position\":1,\"name\":\"Home\",\"item\":\"https:\\\/\\\/www.dm.unipi.it\\\/phd\\\/\"},{\"@type\":\"ListItem\",\"position\":2,\"name\":\"Ph.D. Courses\",\"item\":\"https:\\\/\\\/www.dm.unipi.it\\\/phd\\\/ph-d-courses\\\/\"},{\"@type\":\"ListItem\",\"position\":3,\"name\":\"Past Courses\",\"item\":\"https:\\\/\\\/www.dm.unipi.it\\\/phd\\\/ph-d-courses\\\/past-courses\\\/\"},{\"@type\":\"ListItem\",\"position\":4,\"name\":\"Ph.D. Courses 2020 &#8211; 2021\"}]},{\"@type\":\"WebSite\",\"@id\":\"https:\\\/\\\/www.dm.unipi.it\\\/phd\\\/#website\",\"url\":\"https:\\\/\\\/www.dm.unipi.it\\\/phd\\\/\",\"name\":\"Ph.D. in Mathematics\",\"description\":\"Dipartimento di Matematica - Universit\u00e0 di Pisa\",\"publisher\":{\"@id\":\"https:\\\/\\\/www.dm.unipi.it\\\/phd\\\/#organization\"},\"potentialAction\":[{\"@type\":\"SearchAction\",\"target\":{\"@type\":\"EntryPoint\",\"urlTemplate\":\"https:\\\/\\\/www.dm.unipi.it\\\/phd\\\/?s={search_term_string}\"},\"query-input\":{\"@type\":\"PropertyValueSpecification\",\"valueRequired\":true,\"valueName\":\"search_term_string\"}}],\"inLanguage\":\"en-US\"},{\"@type\":\"Organization\",\"@id\":\"https:\\\/\\\/www.dm.unipi.it\\\/phd\\\/#organization\",\"name\":\"Ph.D. in Mathematics\",\"url\":\"https:\\\/\\\/www.dm.unipi.it\\\/phd\\\/\",\"logo\":{\"@type\":\"ImageObject\",\"inLanguage\":\"en-US\",\"@id\":\"https:\\\/\\\/www.dm.unipi.it\\\/phd\\\/#\\\/schema\\\/logo\\\/image\\\/\",\"url\":\"https:\\\/\\\/www.dm.unipi.it\\\/phd\\\/wp-content\\\/uploads\\\/sites\\\/4\\\/2023\\\/05\\\/matematica_dx_bianco-2.png\",\"contentUrl\":\"https:\\\/\\\/www.dm.unipi.it\\\/phd\\\/wp-content\\\/uploads\\\/sites\\\/4\\\/2023\\\/05\\\/matematica_dx_bianco-2.png\",\"width\":1612,\"height\":463,\"caption\":\"Ph.D. in Mathematics\"},\"image\":{\"@id\":\"https:\\\/\\\/www.dm.unipi.it\\\/phd\\\/#\\\/schema\\\/logo\\\/image\\\/\"}}]}<\/script>\n<!-- \/ Yoast SEO plugin. -->","yoast_head_json":{"title":"Ph.D. Courses 2020 - 2021 - Ph.D. in Mathematics","robots":{"index":"index","follow":"follow","max-snippet":"max-snippet:-1","max-image-preview":"max-image-preview:large","max-video-preview":"max-video-preview:-1"},"canonical":"https:\/\/www.dm.unipi.it\/phd\/ph-d-courses\/past-courses\/phd-courses-2020-2021\/","og_locale":"en_US","og_type":"article","og_title":"Ph.D. Courses 2020 - 2021 - Ph.D. in Mathematics","og_description":"Read More...","og_url":"https:\/\/www.dm.unipi.it\/phd\/ph-d-courses\/past-courses\/phd-courses-2020-2021\/","og_site_name":"Ph.D. in Mathematics","article_modified_time":"2022-04-03T16:43:37+00:00","twitter_card":"summary_large_image","twitter_misc":{"Est. reading time":"2 minutes"},"schema":{"@context":"https:\/\/schema.org","@graph":[{"@type":"WebPage","@id":"https:\/\/www.dm.unipi.it\/phd\/ph-d-courses\/past-courses\/phd-courses-2020-2021\/","url":"https:\/\/www.dm.unipi.it\/phd\/ph-d-courses\/past-courses\/phd-courses-2020-2021\/","name":"Ph.D. Courses 2020 - 2021 - Ph.D. in Mathematics","isPartOf":{"@id":"https:\/\/www.dm.unipi.it\/phd\/#website"},"datePublished":"2022-03-08T23:14:46+00:00","dateModified":"2022-04-03T16:43:37+00:00","breadcrumb":{"@id":"https:\/\/www.dm.unipi.it\/phd\/ph-d-courses\/past-courses\/phd-courses-2020-2021\/#breadcrumb"},"inLanguage":"en-US","potentialAction":[{"@type":"ReadAction","target":["https:\/\/www.dm.unipi.it\/phd\/ph-d-courses\/past-courses\/phd-courses-2020-2021\/"]}]},{"@type":"BreadcrumbList","@id":"https:\/\/www.dm.unipi.it\/phd\/ph-d-courses\/past-courses\/phd-courses-2020-2021\/#breadcrumb","itemListElement":[{"@type":"ListItem","position":1,"name":"Home","item":"https:\/\/www.dm.unipi.it\/phd\/"},{"@type":"ListItem","position":2,"name":"Ph.D. Courses","item":"https:\/\/www.dm.unipi.it\/phd\/ph-d-courses\/"},{"@type":"ListItem","position":3,"name":"Past Courses","item":"https:\/\/www.dm.unipi.it\/phd\/ph-d-courses\/past-courses\/"},{"@type":"ListItem","position":4,"name":"Ph.D. Courses 2020 &#8211; 2021"}]},{"@type":"WebSite","@id":"https:\/\/www.dm.unipi.it\/phd\/#website","url":"https:\/\/www.dm.unipi.it\/phd\/","name":"Ph.D. in Mathematics","description":"Dipartimento di Matematica - Universit\u00e0 di Pisa","publisher":{"@id":"https:\/\/www.dm.unipi.it\/phd\/#organization"},"potentialAction":[{"@type":"SearchAction","target":{"@type":"EntryPoint","urlTemplate":"https:\/\/www.dm.unipi.it\/phd\/?s={search_term_string}"},"query-input":{"@type":"PropertyValueSpecification","valueRequired":true,"valueName":"search_term_string"}}],"inLanguage":"en-US"},{"@type":"Organization","@id":"https:\/\/www.dm.unipi.it\/phd\/#organization","name":"Ph.D. in Mathematics","url":"https:\/\/www.dm.unipi.it\/phd\/","logo":{"@type":"ImageObject","inLanguage":"en-US","@id":"https:\/\/www.dm.unipi.it\/phd\/#\/schema\/logo\/image\/","url":"https:\/\/www.dm.unipi.it\/phd\/wp-content\/uploads\/sites\/4\/2023\/05\/matematica_dx_bianco-2.png","contentUrl":"https:\/\/www.dm.unipi.it\/phd\/wp-content\/uploads\/sites\/4\/2023\/05\/matematica_dx_bianco-2.png","width":1612,"height":463,"caption":"Ph.D. in Mathematics"},"image":{"@id":"https:\/\/www.dm.unipi.it\/phd\/#\/schema\/logo\/image\/"}}]}},"publishpress_future_action":{"enabled":false,"date":"2026-05-06 15:34:44","action":"change-status","newStatus":"draft","terms":[],"taxonomy":"","extraData":[]},"publishpress_future_workflow_manual_trigger":{"enabledWorkflows":[]},"_links":{"self":[{"href":"https:\/\/www.dm.unipi.it\/phd\/wp-json\/wp\/v2\/pages\/77","targetHints":{"allow":["GET"]}}],"collection":[{"href":"https:\/\/www.dm.unipi.it\/phd\/wp-json\/wp\/v2\/pages"}],"about":[{"href":"https:\/\/www.dm.unipi.it\/phd\/wp-json\/wp\/v2\/types\/page"}],"author":[{"embeddable":true,"href":"https:\/\/www.dm.unipi.it\/phd\/wp-json\/wp\/v2\/users\/2"}],"replies":[{"embeddable":true,"href":"https:\/\/www.dm.unipi.it\/phd\/wp-json\/wp\/v2\/comments?post=77"}],"version-history":[{"count":7,"href":"https:\/\/www.dm.unipi.it\/phd\/wp-json\/wp\/v2\/pages\/77\/revisions"}],"predecessor-version":[{"id":352,"href":"https:\/\/www.dm.unipi.it\/phd\/wp-json\/wp\/v2\/pages\/77\/revisions\/352"}],"up":[{"embeddable":true,"href":"https:\/\/www.dm.unipi.it\/phd\/wp-json\/wp\/v2\/pages\/78"}],"wp:attachment":[{"href":"https:\/\/www.dm.unipi.it\/phd\/wp-json\/wp\/v2\/media?parent=77"}],"curies":[{"name":"wp","href":"https:\/\/api.w.org\/{rel}","templated":true}]}}