{"id":1344,"date":"2025-10-31T13:27:20","date_gmt":"2025-10-31T12:27:20","guid":{"rendered":"https:\/\/www.dm.unipi.it\/terza-missione\/?page_id=1344"},"modified":"2026-02-10T14:07:09","modified_gmt":"2026-02-10T13:07:09","slug":"orientamento","status":"publish","type":"page","link":"https:\/\/www.dm.unipi.it\/terza-missione\/orientamento\/","title":{"rendered":"Orientamento"},"content":{"rendered":"\n<p>Il Dipartimento di Matematica promuove numerose <strong>iniziative di orientamento rivolte agli studenti delle scuole secondarie di secondo grado<\/strong>, in collegamento con progetti nazionali (come <em>PLS <\/em>e <em>PNRR<\/em>) e con le attivit\u00e0 di ateneo.<br>Queste attivit\u00e0 hanno lo scopo di fornire agli studenti occasioni di <strong>orientamento attivo e consapevole<\/strong>, consentendo loro di:<\/p>\n\n\n\n<ul class=\"wp-block-list\">\n<li><strong>approfondire le proprie conoscenze<\/strong> e di <strong>sviluppare un punto di vista pi\u00f9 ampio e articolato sulla matematica<\/strong>, tanto del suo carattere pi\u00f9 propriamente astratto e speculativo, quanto sulle potenzialit\u00e0 che i suoi strumenti offrono a chi opera in altri ambiti scientifici o tecnologici e in diversi settori professionali o della vita quotidiana;<\/li>\n\n\n\n<li>costruirsi un quadro il pi\u00f9 possibile chiaro e completo di <strong>cosa significhi intraprendere gli studi universitari in matematica<\/strong>, delle differenze rispetto alla disciplina cos\u00ec come viene insegnata a scuola e delle possibili difficolt\u00e0 che possono emergere nel percorso;<\/li>\n\n\n\n<li>conoscere le <strong>prospettive occupazionali<\/strong> che una formazione matematica avanzata pu\u00f2 aprire.<\/li>\n<\/ul>\n\n\n\n<p>Le iniziative intendono inoltre far conoscere l\u2019ambiente di studio e la comunit\u00e0 accademica in cui gli studenti si troveranno a vivere la loro esperienza universitaria.<\/p>\n\n\n\n<div class=\"wp-block-pb-accordion-item c-accordion__item js-accordion-item no-js\" data-initially-open=\"false\" data-click-to-close=\"true\" data-auto-close=\"true\" data-scroll=\"false\" data-scroll-offset=\"0\"><h4 id=\"at-13440\" class=\"c-accordion__title js-accordion-controller\" role=\"button\">Settimana Matematica<\/h4><div id=\"ac-13440\" class=\"c-accordion__content\">\n<p>All\u2019interno del <em>Progetto Nazionale Lauree Scientifiche<\/em> il Dipartimento di Matematica ed il Corso di Laurea in Matematica organizzano ogni anno, solitamente intorno alla prima settimana di febbraio, la&nbsp;<strong>Settimana Matematica<\/strong>, appuntamento rivolto a studenti delle ultime classi delle scuole superiori e che sta diventando una tradizione consolidata nel panorama dell\u2019<em>Orientamento Universitario<\/em>.<\/p>\n\n\n\n<p>Ogni anno la manifestazione ricorda un grande matematico: un modo per far conoscere a molti studenti anche i personaggi che hanno fatto la storia della matematica.<\/p>\n\n\n\n<p>La manifestazione, che si tiene presso il Dipartimento di Matematica dell\u2019Universit\u00e0 di Pisa in Largo Bruno Pontecorvo 5, si articola in vari momenti (alcuni collegiali, altri in cui gli studenti sono divisi in gruppi) finalizzati a:<\/p>\n\n\n\n<ul class=\"wp-block-list\">\n<li><strong>far conoscere e presentare il Corso di Laurea ed il Dipartimento di Matematica<\/strong> della nostra Universit\u00e0 attraverso incontri e dibattiti sia con docenti del Corso di Laurea che con studenti;<\/li>\n\n\n\n<li><strong>presentare le possibilit\u00e0 lavorative<\/strong> che la Laurea in Matematica offre (spesso sottovalutate dai ragazzi delle scuole superiori) attraverso conferenze tematiche ogni anno differenti che evidenzino anche i molti collegamenti della matematica con altre discipline;<\/li>\n\n\n\n<li><strong>coinvolgere gli studenti in attivit\u00e0 matematiche significative e nello stesso tempo stimolanti<\/strong>, partendo da argomenti di una certa attualit\u00e0 per mostrare quali possono essere i contributi di un approccio matematico a tali argomenti: agli studenti che partecipano ogni anno \u00e8 data la possibilit\u00e0 di scegliere tra alcuni percorsi che vanno dalla probabilit\u00e0 applicata a temi di interesse, ai giochi, a questioni elettorali.<\/li>\n<\/ul>\n\n\n\n<p>L\u2019iniziativa ogni anno riscuote un enorme successo, testimoniato dal sempre crescente numero di richieste di iscrizione e dal coinvolgimento di un sempre maggior numero di scuole da tutto il territorio nazionale. La Settimana dunque rappresenta anche un\u2019eccezionale <strong>occasione per prendere contatti<\/strong> con scuole nuove che raramente sono state coinvolte da collaborazioni con l\u2019Universit\u00e0 (nello spirito e nelle finalit\u00e0 del <em>Piano Nazionale Lauree Scientifiche<\/em>).<\/p>\n\n\n\n<p>Scopri il programma della&nbsp;<a href=\"https:\/\/www.dm.unipi.it\/terza-missione\/orientamento\/settimana-matematica-2026\/\"><strong>Settimana Matematica 2026<\/strong><\/a>.<\/p>\n\n\n\n<p>Le <strong>edizioni passate<\/strong> possono essere consultate <a href=\"https:\/\/www.dm.unipi.it\/terza-missione\/orientamento\/precedenti-edizioni-della-settimana-matematica\/\">qui<\/a>.<\/p>\n<\/div><\/div>\n\n\n\n<div class=\"wp-block-pb-accordion-item c-accordion__item js-accordion-item no-js\" data-initially-open=\"false\" data-click-to-close=\"true\" data-auto-close=\"true\" data-scroll=\"false\" data-scroll-offset=\"0\"><h4 id=\"at-13441\" class=\"c-accordion__title js-accordion-controller\" role=\"button\">MatematicaOrienta<\/h4><div id=\"ac-13441\" class=\"c-accordion__content\">\n<p><strong>MatematicaOrienta <\/strong>\u00e8 un&#8217;iniziativa di <strong>orientamento alla scelta universitaria<\/strong> organizzata annualmente dal Dipartimento di Matematica e rivolta a studentesse e studenti&nbsp;delle classi IV e V delle scuole secondarie di secondo grado.&nbsp;<\/p>\n\n\n\n<p>Le edizioni passate sono consultabili sotto:<\/p>\n\n\n\n<div class=\"wp-block-pb-accordion-item c-accordion__item js-accordion-item no-js\" data-initially-open=\"false\" data-click-to-close=\"true\" data-auto-close=\"true\" data-scroll=\"false\" data-scroll-offset=\"0\"><h5 id=\"at-13442\" class=\"c-accordion__title js-accordion-controller\" role=\"button\"><em>MatematicaOrienta 2025<\/em><\/h5><div id=\"ac-13442\" class=\"c-accordion__content\">  <div id=dm-manager-widget-69de5eccd1984><\/div>\n  <script>\n    (function () {\n      const el = document.getElementById(\"dm-manager-widget-69de5eccd1984\");\n      const props = {\"widget\":\"Conference\",\"id\":\"69270ef5e961bdf24e1d3126\"}\n      dmwidgets.loadComponent(el, \"Conference\", props);\n    })();\n  <\/script>\n<\/div><\/div>\n\n\n\n<div style=\"height:10px\" aria-hidden=\"true\" class=\"wp-block-spacer\"><\/div>\n\n\n\n<p>L&#8217;Universit\u00e0 di Pisa organizza annualmente l\u2019evento&nbsp;<strong>\u201c<a href=\"https:\/\/orientamento.unipi.it\/unipiorienta\/\" target=\"_blank\" rel=\"noreferrer noopener\">UniPiOrienta<\/a>\u201d<\/strong>, 3 intere giornate di orientamento dedicate alle studentesse e agli studenti delle classi III, IV e V delle scuole secondarie di II grado.<\/p>\n<\/div><\/div>\n\n\n\n<div class=\"wp-block-pb-accordion-item c-accordion__item js-accordion-item no-js\" data-initially-open=\"false\" data-click-to-close=\"true\" data-auto-close=\"true\" data-scroll=\"false\" data-scroll-offset=\"0\"><h4 id=\"at-13443\" class=\"c-accordion__title js-accordion-controller\" role=\"button\">Matematici al lavoro<\/h4><div id=\"ac-13443\" class=\"c-accordion__content\">\n<p>Il fine del progetto &#8220;<strong>Matematici al lavoro<\/strong>&#8221; \u00e8 <strong>promuovere incontri e scambi con le imprese<\/strong> per il confronto sulle competenze richieste dal mondo del lavoro, in particolare su quelle matematiche, e sul ruolo del matematico in diverse attivit\u00e0 lavorative.<\/p>\n\n\n\n<p>Nell&#8217;ambito del progetto sono organizzati anche <strong>incontri degli studenti con aziende e con laureati in matematica<\/strong> che hanno trovato impiego nei pi\u00f9 svariati settori.<\/p>\n\n\n\n<iframe width=\"560\" height=\"315\" src=\"https:\/\/www.youtube.com\/embed\/videoseries?si=okiGsRVw9FgrKp9l&amp;list=PLnYXayGybtqJDz5_uR15ud1RZ2laXui4e\" title=\"YouTube video player\" frameborder=\"0\" allow=\"accelerometer; autoplay; clipboard-write; encrypted-media; gyroscope; picture-in-picture; web-share\" referrerpolicy=\"strict-origin-when-cross-origin\" allowfullscreen><\/iframe>\n<\/div><\/div>\n\n\n\n<div class=\"wp-block-pb-accordion-item c-accordion__item js-accordion-item no-js\" data-initially-open=\"false\" data-click-to-close=\"true\" data-auto-close=\"true\" data-scroll=\"false\" data-scroll-offset=\"0\"><h4 id=\"at-13444\" class=\"c-accordion__title js-accordion-controller\" role=\"button\">Video Orientamento<\/h4><div id=\"ac-13444\" class=\"c-accordion__content\">\n<p>Studiare Matematica a Pisa? I primi anni, le esperienze all\u2019estero, gli ultimi anni di studio e dopo la laurea raccontati dalle voci di nostri studenti ed ex-studenti.<\/p>\n\n\n\n<iframe width=\"560\" height=\"315\" src=\"https:\/\/www.youtube.com\/embed\/videoseries?si=okiGsRVw9FgrKp9l&amp;list=PLnYXayGybtqKn432Bo95X-j0ChDnCvDaM\" title=\"YouTube video player\" frameborder=\"0\" allow=\"accelerometer; autoplay; clipboard-write; encrypted-media; gyroscope; picture-in-picture; web-share\" referrerpolicy=\"strict-origin-when-cross-origin\" allowfullscreen><\/iframe>\n<\/div><\/div>\n\n\n\n<div class=\"wp-block-pb-accordion-item c-accordion__item js-accordion-item no-js\" data-initially-open=\"false\" data-click-to-close=\"true\" data-auto-close=\"true\" data-scroll=\"false\" data-scroll-offset=\"0\"><h4 id=\"at-13445\" class=\"c-accordion__title js-accordion-controller\" role=\"button\">Giornalino Open Days<\/h4><div id=\"ac-13445\" class=\"c-accordion__content\">\n<p>In occasione degli <strong>Open Days del febbraio 2015<\/strong> la <em>Commissione Terza Missione del Dipartimento di Matematica<\/em> ha pensato di realizzare un <strong>giornalino <\/strong>con articoli divulgativi, esercizi, libri consigliati e informazioni sul Corso di Laurea&nbsp;da distribuire in forma cartacea agli studenti che hanno partecipato alla manifestazione, da qui il nome.&nbsp;<\/p>\n\n\n\n<p>Il giornalino ha avuto un buon successo, e la Commissione ha cos\u00ec deciso di promuovere l\u2019iniziativa e di svilupparla come <strong>pubblicazione di divulgazione scientifica rivolta ad un pubblico ampio<\/strong> (studenti, insegnanti, appassionati e curiosi di matematica),&nbsp;impegnandosi a far produrre pi\u00f9 uscite annuali del giornalino stesso e mettendo a disposizione oltre alle copie cartacee, la versione online.<\/p>\n\n\n\n<p>Tutta la raccolta dei numeri usciti finora pu\u00f2 essere consultata alla pagina <a href=\"https:\/\/www.dm.unipi.it\/terza-missione\/orientamento\/il-giornalino-degli-open-days\/\"><strong>Il giornalino degli Open Days<\/strong><\/a>.<\/p>\n\n\n\n<div class=\"wp-block-pb-accordion-item c-accordion__item js-accordion-item no-js\" data-initially-open=\"false\" data-click-to-close=\"true\" data-auto-close=\"true\" data-scroll=\"false\" data-scroll-offset=\"0\"><h5 id=\"at-13446\" class=\"c-accordion__title js-accordion-controller\" role=\"button\">Comitato Editoriale del Giornalino degli OpenDays<\/h5><div id=\"ac-13446\" class=\"c-accordion__content\"><div class=\"d-flex row justify-content-between px-2 pb-4\">\n\n\n<div class=\"col-lg-6 col-12 py-2\">\n<div class=\"card h-100 m-2 shadow-sm\">\n<div class=\"card-body\">\n<a href=\"\/scheda-personale\/?person_id=63860dd5f6c76fe5b717c7d6\"><i class=\"fas fa-id-card fa-fw\"><\/i><\/a>\n<span class=\"card-title ml-2 h5\">\nGiovanni Gaiffi\n\n<\/span><br>\n<i class=\"fas fa-at mr-3\"><\/i><a href=\"mailto:giovanni.gaiffi@unipi.it\">giovanni.gaiffi@unipi.it<\/a>\n<\/div>\n<\/div>\n<\/div>\n<div class=\"col-lg-6 col-12 py-2\">\n<div class=\"card h-100 m-2 shadow-sm\">\n<div class=\"card-body\">\n<a href=\"\/scheda-personale\/?person_id=63860dd5f6c76fe5b717c7ea\"><i class=\"fas fa-id-card fa-fw\"><\/i><\/a>\n<span class=\"card-title ml-2 h5\">\nGiulia Lisarelli\n\n<\/span><br>\n<i class=\"fas fa-at mr-3\"><\/i><a href=\"mailto:giulia.lisarelli@unipi.it\">giulia.lisarelli@unipi.it<\/a>\n<\/div>\n<\/div>\n<\/div>\n<div class=\"col-lg-6 col-12 py-2\">\n<div class=\"card h-100 m-2 shadow-sm\">\n<div class=\"card-body\">\n<a href=\"\/scheda-personale\/?person_id=63860dd5f6c76fe5b717c826\"><i class=\"fas fa-id-card fa-fw\"><\/i><\/a>\n<span class=\"card-title ml-2 h5\">\nMirko Maracci\n\n<\/span><br>\n<i class=\"fas fa-at mr-3\"><\/i><a href=\"mailto:mirko.maracci@unipi.it\">mirko.maracci@unipi.it<\/a>\n<\/div>\n<\/div>\n<\/div>\n<\/div>\n<\/div><\/div>\n<\/div><\/div>\n","protected":false},"excerpt":{"rendered":"<p>Il Dipartimento di Matematica promuove numerose iniziative di orientamento rivolte agli studenti delle scuole secondarie di secondo grado, in collegamento&hellip;<\/p>\n<p><a class=\"btn btn-dark btn-sm unipi-read-more-link\" href=\"https:\/\/www.dm.unipi.it\/terza-missione\/orientamento\/\">Leggi tutto&#8230;<\/a><\/p>\n","protected":false},"author":166,"featured_media":0,"parent":0,"menu_order":0,"comment_status":"closed","ping_status":"closed","template":"","meta":{"_acf_changed":false,"footnotes":""},"class_list":["post-1344","page","type-page","status-publish","hentry"],"acf":[],"yoast_head":"<!-- This site is optimized with the Yoast SEO plugin v27.4 - https:\/\/yoast.com\/product\/yoast-seo-wordpress\/ -->\n<title>Orientamento - Terza missione<\/title>\n<meta name=\"robots\" content=\"index, follow, max-snippet:-1, max-image-preview:large, max-video-preview:-1\" \/>\n<link rel=\"canonical\" href=\"https:\/\/www.dm.unipi.it\/terza-missione\/orientamento\/\" \/>\n<meta property=\"og:locale\" content=\"it_IT\" \/>\n<meta property=\"og:type\" content=\"article\" \/>\n<meta property=\"og:title\" content=\"Orientamento - Terza missione\" \/>\n<meta property=\"og:description\" content=\"Il Dipartimento di Matematica promuove numerose iniziative di orientamento rivolte agli studenti delle scuole secondarie di secondo grado, in collegamento&hellip;Leggi tutto...\" \/>\n<meta property=\"og:url\" content=\"https:\/\/www.dm.unipi.it\/terza-missione\/orientamento\/\" \/>\n<meta property=\"og:site_name\" content=\"Terza missione\" \/>\n<meta property=\"article:modified_time\" content=\"2026-02-10T13:07:09+00:00\" \/>\n<meta name=\"twitter:card\" content=\"summary_large_image\" \/>\n<meta name=\"twitter:label1\" content=\"Tempo di lettura stimato\" \/>\n\t<meta name=\"twitter:data1\" content=\"5 minuti\" \/>\n<script type=\"application\/ld+json\" class=\"yoast-schema-graph\">{\"@context\":\"https:\\\/\\\/schema.org\",\"@graph\":[{\"@type\":\"WebPage\",\"@id\":\"https:\\\/\\\/www.dm.unipi.it\\\/terza-missione\\\/orientamento\\\/\",\"url\":\"https:\\\/\\\/www.dm.unipi.it\\\/terza-missione\\\/orientamento\\\/\",\"name\":\"Orientamento - Terza missione\",\"isPartOf\":{\"@id\":\"https:\\\/\\\/www.dm.unipi.it\\\/terza-missione\\\/#website\"},\"datePublished\":\"2025-10-31T12:27:20+00:00\",\"dateModified\":\"2026-02-10T13:07:09+00:00\",\"breadcrumb\":{\"@id\":\"https:\\\/\\\/www.dm.unipi.it\\\/terza-missione\\\/orientamento\\\/#breadcrumb\"},\"inLanguage\":\"it-IT\",\"potentialAction\":[{\"@type\":\"ReadAction\",\"target\":[\"https:\\\/\\\/www.dm.unipi.it\\\/terza-missione\\\/orientamento\\\/\"]}]},{\"@type\":\"BreadcrumbList\",\"@id\":\"https:\\\/\\\/www.dm.unipi.it\\\/terza-missione\\\/orientamento\\\/#breadcrumb\",\"itemListElement\":[{\"@type\":\"ListItem\",\"position\":1,\"name\":\"Home\",\"item\":\"https:\\\/\\\/www.dm.unipi.it\\\/terza-missione\\\/\"},{\"@type\":\"ListItem\",\"position\":2,\"name\":\"Orientamento\"}]},{\"@type\":\"WebSite\",\"@id\":\"https:\\\/\\\/www.dm.unipi.it\\\/terza-missione\\\/#website\",\"url\":\"https:\\\/\\\/www.dm.unipi.it\\\/terza-missione\\\/\",\"name\":\"Terza missione\",\"description\":\"Dipartimento di Matematica - Universit\u00e0 di Pisa\",\"publisher\":{\"@id\":\"https:\\\/\\\/www.dm.unipi.it\\\/terza-missione\\\/#organization\"},\"potentialAction\":[{\"@type\":\"SearchAction\",\"target\":{\"@type\":\"EntryPoint\",\"urlTemplate\":\"https:\\\/\\\/www.dm.unipi.it\\\/terza-missione\\\/?s={search_term_string}\"},\"query-input\":{\"@type\":\"PropertyValueSpecification\",\"valueRequired\":true,\"valueName\":\"search_term_string\"}}],\"inLanguage\":\"it-IT\"},{\"@type\":\"Organization\",\"@id\":\"https:\\\/\\\/www.dm.unipi.it\\\/terza-missione\\\/#organization\",\"name\":\"Terza missione\",\"url\":\"https:\\\/\\\/www.dm.unipi.it\\\/terza-missione\\\/\",\"logo\":{\"@type\":\"ImageObject\",\"inLanguage\":\"it-IT\",\"@id\":\"https:\\\/\\\/www.dm.unipi.it\\\/terza-missione\\\/#\\\/schema\\\/logo\\\/image\\\/\",\"url\":\"https:\\\/\\\/www.dm.unipi.it\\\/terza-missione\\\/wp-content\\\/uploads\\\/sites\\\/7\\\/2022\\\/07\\\/matematica_dx_bianco-1.png\",\"contentUrl\":\"https:\\\/\\\/www.dm.unipi.it\\\/terza-missione\\\/wp-content\\\/uploads\\\/sites\\\/7\\\/2022\\\/07\\\/matematica_dx_bianco-1.png\",\"width\":1612,\"height\":463,\"caption\":\"Terza missione\"},\"image\":{\"@id\":\"https:\\\/\\\/www.dm.unipi.it\\\/terza-missione\\\/#\\\/schema\\\/logo\\\/image\\\/\"}}]}<\/script>\n<!-- \/ Yoast SEO plugin. -->","yoast_head_json":{"title":"Orientamento - Terza missione","robots":{"index":"index","follow":"follow","max-snippet":"max-snippet:-1","max-image-preview":"max-image-preview:large","max-video-preview":"max-video-preview:-1"},"canonical":"https:\/\/www.dm.unipi.it\/terza-missione\/orientamento\/","og_locale":"it_IT","og_type":"article","og_title":"Orientamento - Terza missione","og_description":"Il Dipartimento di Matematica promuove numerose iniziative di orientamento rivolte agli studenti delle scuole secondarie di secondo grado, in collegamento&hellip;Leggi tutto...","og_url":"https:\/\/www.dm.unipi.it\/terza-missione\/orientamento\/","og_site_name":"Terza missione","article_modified_time":"2026-02-10T13:07:09+00:00","twitter_card":"summary_large_image","twitter_misc":{"Tempo di lettura stimato":"5 minuti"},"schema":{"@context":"https:\/\/schema.org","@graph":[{"@type":"WebPage","@id":"https:\/\/www.dm.unipi.it\/terza-missione\/orientamento\/","url":"https:\/\/www.dm.unipi.it\/terza-missione\/orientamento\/","name":"Orientamento - Terza missione","isPartOf":{"@id":"https:\/\/www.dm.unipi.it\/terza-missione\/#website"},"datePublished":"2025-10-31T12:27:20+00:00","dateModified":"2026-02-10T13:07:09+00:00","breadcrumb":{"@id":"https:\/\/www.dm.unipi.it\/terza-missione\/orientamento\/#breadcrumb"},"inLanguage":"it-IT","potentialAction":[{"@type":"ReadAction","target":["https:\/\/www.dm.unipi.it\/terza-missione\/orientamento\/"]}]},{"@type":"BreadcrumbList","@id":"https:\/\/www.dm.unipi.it\/terza-missione\/orientamento\/#breadcrumb","itemListElement":[{"@type":"ListItem","position":1,"name":"Home","item":"https:\/\/www.dm.unipi.it\/terza-missione\/"},{"@type":"ListItem","position":2,"name":"Orientamento"}]},{"@type":"WebSite","@id":"https:\/\/www.dm.unipi.it\/terza-missione\/#website","url":"https:\/\/www.dm.unipi.it\/terza-missione\/","name":"Terza missione","description":"Dipartimento di Matematica - Universit\u00e0 di Pisa","publisher":{"@id":"https:\/\/www.dm.unipi.it\/terza-missione\/#organization"},"potentialAction":[{"@type":"SearchAction","target":{"@type":"EntryPoint","urlTemplate":"https:\/\/www.dm.unipi.it\/terza-missione\/?s={search_term_string}"},"query-input":{"@type":"PropertyValueSpecification","valueRequired":true,"valueName":"search_term_string"}}],"inLanguage":"it-IT"},{"@type":"Organization","@id":"https:\/\/www.dm.unipi.it\/terza-missione\/#organization","name":"Terza missione","url":"https:\/\/www.dm.unipi.it\/terza-missione\/","logo":{"@type":"ImageObject","inLanguage":"it-IT","@id":"https:\/\/www.dm.unipi.it\/terza-missione\/#\/schema\/logo\/image\/","url":"https:\/\/www.dm.unipi.it\/terza-missione\/wp-content\/uploads\/sites\/7\/2022\/07\/matematica_dx_bianco-1.png","contentUrl":"https:\/\/www.dm.unipi.it\/terza-missione\/wp-content\/uploads\/sites\/7\/2022\/07\/matematica_dx_bianco-1.png","width":1612,"height":463,"caption":"Terza missione"},"image":{"@id":"https:\/\/www.dm.unipi.it\/terza-missione\/#\/schema\/logo\/image\/"}}]}},"publishpress_future_action":{"enabled":false,"date":"2026-04-21 17:35:40","action":"change-status","newStatus":"draft","terms":[],"taxonomy":"","extraData":[]},"publishpress_future_workflow_manual_trigger":{"enabledWorkflows":[]},"_links":{"self":[{"href":"https:\/\/www.dm.unipi.it\/terza-missione\/wp-json\/wp\/v2\/pages\/1344","targetHints":{"allow":["GET"]}}],"collection":[{"href":"https:\/\/www.dm.unipi.it\/terza-missione\/wp-json\/wp\/v2\/pages"}],"about":[{"href":"https:\/\/www.dm.unipi.it\/terza-missione\/wp-json\/wp\/v2\/types\/page"}],"author":[{"embeddable":true,"href":"https:\/\/www.dm.unipi.it\/terza-missione\/wp-json\/wp\/v2\/users\/166"}],"replies":[{"embeddable":true,"href":"https:\/\/www.dm.unipi.it\/terza-missione\/wp-json\/wp\/v2\/comments?post=1344"}],"version-history":[{"count":18,"href":"https:\/\/www.dm.unipi.it\/terza-missione\/wp-json\/wp\/v2\/pages\/1344\/revisions"}],"predecessor-version":[{"id":1485,"href":"https:\/\/www.dm.unipi.it\/terza-missione\/wp-json\/wp\/v2\/pages\/1344\/revisions\/1485"}],"wp:attachment":[{"href":"https:\/\/www.dm.unipi.it\/terza-missione\/wp-json\/wp\/v2\/media?parent=1344"}],"curies":[{"name":"wp","href":"https:\/\/api.w.org\/{rel}","templated":true}]}}