{"id":473,"date":"2022-04-15T18:53:26","date_gmt":"2022-04-15T18:53:26","guid":{"rendered":"https:\/\/www.dm.unipi.it\/terza-missione\/faq-settimana-matematica\/"},"modified":"2025-11-04T16:23:30","modified_gmt":"2025-11-04T15:23:30","slug":"faq-settimana-matematica","status":"publish","type":"page","link":"https:\/\/www.dm.unipi.it\/terza-missione\/orientamento\/settimana-matematica\/faq-settimana-matematica\/","title":{"rendered":"FAQ Settimana Matematica"},"content":{"rendered":"\n<p>L&#8217;iscrizione alla Settimana Matematica \u00e8 completamente gratuita.<\/p>\n\n\n\n<p>Sono a carico dello studente le eventuali spese di vitto, alloggio e trasporto.<\/p>\n\n\n\n<p>Le presenze alle 5 sessioni della Settimana Matematica (2 mattutine e 3 pomeridiane) saranno annotate sul foglio firme che verr\u00e0 riconsegnato alla scuola di appartenenza dei partecipanti.<\/p>\n\n\n\n<p>A coloro \u2013&nbsp;<strong>e SOLO a coloro<\/strong>&nbsp;\u2013 che saranno presenti a tutte e 5 le sessioni verr\u00e0 consegnato anche l&#8217;attestato di partecipazione e il tradizionale quaderno della Settimana Matematica.<\/p>\n\n\n\n<p>In fase di <em>selezione<\/em> delle domande di partecipazione \u00e8 considerata prioritaria la possibilit\u00e0 \u2013&nbsp;esplicitata dallo studente nel modulo di pre-iscrizione&nbsp;\u2013 di poter partecipare a tutte e 5 le sessioni della Settimana Matematica.<\/p>\n\n\n\n<p>La distribuzione nei diversi laboratori \u00e8 fatta tenendo conto delle scelte dei partecipanti (ordine di preferenza nella pre-iscrizione). Ci sono per\u00f2 ovviamente dei vincoli numerici ed alcuni criteri di assegnazione. Tra questi ultimi di particolare importanza c&#8217;\u00e8 quello di <strong>non mettere due studenti della stessa classe nello stesso laboratorio<\/strong> e possibilmente neanche della <strong>stessa scuola<\/strong>. Non \u00e8 dunque detto che sia possibile assecondare le scelte fatte (ad ora siamo sempre riusciti a garantire almeno la terza scelta), per questo \u00e8 importante che <strong>l&#8217;ordinamento (in base alla preferenza dello studente) dei laboratori sia fatto accuratamente anche per le scelte successive alla prima<\/strong>.<\/p>\n\n\n\n<p><strong>NON SARANNO COMUNQUE ACCETTATE RICHIESTE DI CAMBIAMENTO LABORATORIO RISPETTO ALLA ASSEGNAZIONE FATTA DAGLI ORGANIZZATORI<\/strong><\/p>\n","protected":false},"excerpt":{"rendered":"<p>L&#8217;iscrizione alla Settimana Matematica \u00e8 completamente gratuita. Sono a carico dello studente le eventuali spese di vitto, alloggio e trasporto.&hellip;<\/p>\n<p><a class=\"btn btn-dark btn-sm unipi-read-more-link\" href=\"https:\/\/www.dm.unipi.it\/terza-missione\/orientamento\/settimana-matematica\/faq-settimana-matematica\/\">Leggi tutto&#8230;<\/a><\/p>\n","protected":false},"author":2,"featured_media":0,"parent":498,"menu_order":0,"comment_status":"closed","ping_status":"closed","template":"","meta":{"_acf_changed":false,"footnotes":""},"class_list":["post-473","page","type-page","status-publish","hentry"],"acf":[],"yoast_head":"<!-- This site is optimized with the Yoast SEO plugin v27.3 - https:\/\/yoast.com\/product\/yoast-seo-wordpress\/ -->\n<title>FAQ Settimana Matematica - Terza missione<\/title>\n<meta name=\"robots\" content=\"index, follow, max-snippet:-1, max-image-preview:large, max-video-preview:-1\" \/>\n<link rel=\"canonical\" href=\"https:\/\/www.dm.unipi.it\/terza-missione\/orientamento\/settimana-matematica\/faq-settimana-matematica\/\" \/>\n<meta property=\"og:locale\" content=\"it_IT\" \/>\n<meta property=\"og:type\" content=\"article\" \/>\n<meta property=\"og:title\" content=\"FAQ Settimana Matematica - Terza missione\" \/>\n<meta property=\"og:description\" content=\"L&#8217;iscrizione alla Settimana Matematica \u00e8 completamente gratuita. Sono a carico dello studente le eventuali spese di vitto, alloggio e trasporto.&hellip;Leggi tutto...\" \/>\n<meta property=\"og:url\" content=\"https:\/\/www.dm.unipi.it\/terza-missione\/orientamento\/settimana-matematica\/faq-settimana-matematica\/\" \/>\n<meta property=\"og:site_name\" content=\"Terza missione\" \/>\n<meta property=\"article:modified_time\" content=\"2025-11-04T15:23:30+00:00\" \/>\n<meta name=\"twitter:card\" content=\"summary_large_image\" \/>\n<meta name=\"twitter:label1\" content=\"Tempo di lettura stimato\" \/>\n\t<meta name=\"twitter:data1\" content=\"2 minuti\" \/>\n<script type=\"application\/ld+json\" class=\"yoast-schema-graph\">{\"@context\":\"https:\\\/\\\/schema.org\",\"@graph\":[{\"@type\":\"WebPage\",\"@id\":\"https:\\\/\\\/www.dm.unipi.it\\\/terza-missione\\\/orientamento\\\/settimana-matematica\\\/faq-settimana-matematica\\\/\",\"url\":\"https:\\\/\\\/www.dm.unipi.it\\\/terza-missione\\\/orientamento\\\/settimana-matematica\\\/faq-settimana-matematica\\\/\",\"name\":\"FAQ Settimana Matematica - Terza missione\",\"isPartOf\":{\"@id\":\"https:\\\/\\\/www.dm.unipi.it\\\/terza-missione\\\/#website\"},\"datePublished\":\"2022-04-15T18:53:26+00:00\",\"dateModified\":\"2025-11-04T15:23:30+00:00\",\"breadcrumb\":{\"@id\":\"https:\\\/\\\/www.dm.unipi.it\\\/terza-missione\\\/orientamento\\\/settimana-matematica\\\/faq-settimana-matematica\\\/#breadcrumb\"},\"inLanguage\":\"it-IT\",\"potentialAction\":[{\"@type\":\"ReadAction\",\"target\":[\"https:\\\/\\\/www.dm.unipi.it\\\/terza-missione\\\/orientamento\\\/settimana-matematica\\\/faq-settimana-matematica\\\/\"]}]},{\"@type\":\"BreadcrumbList\",\"@id\":\"https:\\\/\\\/www.dm.unipi.it\\\/terza-missione\\\/orientamento\\\/settimana-matematica\\\/faq-settimana-matematica\\\/#breadcrumb\",\"itemListElement\":[{\"@type\":\"ListItem\",\"position\":1,\"name\":\"Home\",\"item\":\"https:\\\/\\\/www.dm.unipi.it\\\/terza-missione\\\/\"},{\"@type\":\"ListItem\",\"position\":2,\"name\":\"Orientamento\",\"item\":\"https:\\\/\\\/www.dm.unipi.it\\\/terza-missione\\\/orientamento\\\/\"},{\"@type\":\"ListItem\",\"position\":3,\"name\":\"Settimana Matematica\",\"item\":\"https:\\\/\\\/www.dm.unipi.it\\\/terza-missione\\\/orientamento\\\/settimana-matematica\\\/\"},{\"@type\":\"ListItem\",\"position\":4,\"name\":\"FAQ Settimana Matematica\"}]},{\"@type\":\"WebSite\",\"@id\":\"https:\\\/\\\/www.dm.unipi.it\\\/terza-missione\\\/#website\",\"url\":\"https:\\\/\\\/www.dm.unipi.it\\\/terza-missione\\\/\",\"name\":\"Terza missione\",\"description\":\"Dipartimento di Matematica - Universit\u00e0 di Pisa\",\"publisher\":{\"@id\":\"https:\\\/\\\/www.dm.unipi.it\\\/terza-missione\\\/#organization\"},\"potentialAction\":[{\"@type\":\"SearchAction\",\"target\":{\"@type\":\"EntryPoint\",\"urlTemplate\":\"https:\\\/\\\/www.dm.unipi.it\\\/terza-missione\\\/?s={search_term_string}\"},\"query-input\":{\"@type\":\"PropertyValueSpecification\",\"valueRequired\":true,\"valueName\":\"search_term_string\"}}],\"inLanguage\":\"it-IT\"},{\"@type\":\"Organization\",\"@id\":\"https:\\\/\\\/www.dm.unipi.it\\\/terza-missione\\\/#organization\",\"name\":\"Terza missione\",\"url\":\"https:\\\/\\\/www.dm.unipi.it\\\/terza-missione\\\/\",\"logo\":{\"@type\":\"ImageObject\",\"inLanguage\":\"it-IT\",\"@id\":\"https:\\\/\\\/www.dm.unipi.it\\\/terza-missione\\\/#\\\/schema\\\/logo\\\/image\\\/\",\"url\":\"https:\\\/\\\/www.dm.unipi.it\\\/terza-missione\\\/wp-content\\\/uploads\\\/sites\\\/7\\\/2022\\\/07\\\/matematica_dx_bianco-1.png\",\"contentUrl\":\"https:\\\/\\\/www.dm.unipi.it\\\/terza-missione\\\/wp-content\\\/uploads\\\/sites\\\/7\\\/2022\\\/07\\\/matematica_dx_bianco-1.png\",\"width\":1612,\"height\":463,\"caption\":\"Terza missione\"},\"image\":{\"@id\":\"https:\\\/\\\/www.dm.unipi.it\\\/terza-missione\\\/#\\\/schema\\\/logo\\\/image\\\/\"}}]}<\/script>\n<!-- \/ Yoast SEO plugin. -->","yoast_head_json":{"title":"FAQ Settimana Matematica - Terza missione","robots":{"index":"index","follow":"follow","max-snippet":"max-snippet:-1","max-image-preview":"max-image-preview:large","max-video-preview":"max-video-preview:-1"},"canonical":"https:\/\/www.dm.unipi.it\/terza-missione\/orientamento\/settimana-matematica\/faq-settimana-matematica\/","og_locale":"it_IT","og_type":"article","og_title":"FAQ Settimana Matematica - Terza missione","og_description":"L&#8217;iscrizione alla Settimana Matematica \u00e8 completamente gratuita. Sono a carico dello studente le eventuali spese di vitto, alloggio e trasporto.&hellip;Leggi tutto...","og_url":"https:\/\/www.dm.unipi.it\/terza-missione\/orientamento\/settimana-matematica\/faq-settimana-matematica\/","og_site_name":"Terza missione","article_modified_time":"2025-11-04T15:23:30+00:00","twitter_card":"summary_large_image","twitter_misc":{"Tempo di lettura stimato":"2 minuti"},"schema":{"@context":"https:\/\/schema.org","@graph":[{"@type":"WebPage","@id":"https:\/\/www.dm.unipi.it\/terza-missione\/orientamento\/settimana-matematica\/faq-settimana-matematica\/","url":"https:\/\/www.dm.unipi.it\/terza-missione\/orientamento\/settimana-matematica\/faq-settimana-matematica\/","name":"FAQ Settimana Matematica - Terza missione","isPartOf":{"@id":"https:\/\/www.dm.unipi.it\/terza-missione\/#website"},"datePublished":"2022-04-15T18:53:26+00:00","dateModified":"2025-11-04T15:23:30+00:00","breadcrumb":{"@id":"https:\/\/www.dm.unipi.it\/terza-missione\/orientamento\/settimana-matematica\/faq-settimana-matematica\/#breadcrumb"},"inLanguage":"it-IT","potentialAction":[{"@type":"ReadAction","target":["https:\/\/www.dm.unipi.it\/terza-missione\/orientamento\/settimana-matematica\/faq-settimana-matematica\/"]}]},{"@type":"BreadcrumbList","@id":"https:\/\/www.dm.unipi.it\/terza-missione\/orientamento\/settimana-matematica\/faq-settimana-matematica\/#breadcrumb","itemListElement":[{"@type":"ListItem","position":1,"name":"Home","item":"https:\/\/www.dm.unipi.it\/terza-missione\/"},{"@type":"ListItem","position":2,"name":"Orientamento","item":"https:\/\/www.dm.unipi.it\/terza-missione\/orientamento\/"},{"@type":"ListItem","position":3,"name":"Settimana Matematica","item":"https:\/\/www.dm.unipi.it\/terza-missione\/orientamento\/settimana-matematica\/"},{"@type":"ListItem","position":4,"name":"FAQ Settimana Matematica"}]},{"@type":"WebSite","@id":"https:\/\/www.dm.unipi.it\/terza-missione\/#website","url":"https:\/\/www.dm.unipi.it\/terza-missione\/","name":"Terza missione","description":"Dipartimento di Matematica - Universit\u00e0 di Pisa","publisher":{"@id":"https:\/\/www.dm.unipi.it\/terza-missione\/#organization"},"potentialAction":[{"@type":"SearchAction","target":{"@type":"EntryPoint","urlTemplate":"https:\/\/www.dm.unipi.it\/terza-missione\/?s={search_term_string}"},"query-input":{"@type":"PropertyValueSpecification","valueRequired":true,"valueName":"search_term_string"}}],"inLanguage":"it-IT"},{"@type":"Organization","@id":"https:\/\/www.dm.unipi.it\/terza-missione\/#organization","name":"Terza missione","url":"https:\/\/www.dm.unipi.it\/terza-missione\/","logo":{"@type":"ImageObject","inLanguage":"it-IT","@id":"https:\/\/www.dm.unipi.it\/terza-missione\/#\/schema\/logo\/image\/","url":"https:\/\/www.dm.unipi.it\/terza-missione\/wp-content\/uploads\/sites\/7\/2022\/07\/matematica_dx_bianco-1.png","contentUrl":"https:\/\/www.dm.unipi.it\/terza-missione\/wp-content\/uploads\/sites\/7\/2022\/07\/matematica_dx_bianco-1.png","width":1612,"height":463,"caption":"Terza missione"},"image":{"@id":"https:\/\/www.dm.unipi.it\/terza-missione\/#\/schema\/logo\/image\/"}}]}},"publishpress_future_action":{"enabled":false,"date":"2026-04-15 19:10:31","action":"change-status","newStatus":"draft","terms":[],"taxonomy":"","extraData":[]},"publishpress_future_workflow_manual_trigger":{"enabledWorkflows":[]},"_links":{"self":[{"href":"https:\/\/www.dm.unipi.it\/terza-missione\/wp-json\/wp\/v2\/pages\/473","targetHints":{"allow":["GET"]}}],"collection":[{"href":"https:\/\/www.dm.unipi.it\/terza-missione\/wp-json\/wp\/v2\/pages"}],"about":[{"href":"https:\/\/www.dm.unipi.it\/terza-missione\/wp-json\/wp\/v2\/types\/page"}],"author":[{"embeddable":true,"href":"https:\/\/www.dm.unipi.it\/terza-missione\/wp-json\/wp\/v2\/users\/2"}],"replies":[{"embeddable":true,"href":"https:\/\/www.dm.unipi.it\/terza-missione\/wp-json\/wp\/v2\/comments?post=473"}],"version-history":[{"count":3,"href":"https:\/\/www.dm.unipi.it\/terza-missione\/wp-json\/wp\/v2\/pages\/473\/revisions"}],"predecessor-version":[{"id":654,"href":"https:\/\/www.dm.unipi.it\/terza-missione\/wp-json\/wp\/v2\/pages\/473\/revisions\/654"}],"up":[{"embeddable":true,"href":"https:\/\/www.dm.unipi.it\/terza-missione\/wp-json\/wp\/v2\/pages\/498"}],"wp:attachment":[{"href":"https:\/\/www.dm.unipi.it\/terza-missione\/wp-json\/wp\/v2\/media?parent=473"}],"curies":[{"name":"wp","href":"https:\/\/api.w.org\/{rel}","templated":true}]}}