{"id":482,"date":"2022-04-15T18:53:27","date_gmt":"2022-04-15T18:53:27","guid":{"rendered":"https:\/\/www.dm.unipi.it\/terza-missione\/laboratori-settimana-matematica-2022\/"},"modified":"2025-11-04T16:48:11","modified_gmt":"2025-11-04T15:48:11","slug":"laboratori-settimana-matematica-2022","status":"publish","type":"page","link":"https:\/\/www.dm.unipi.it\/terza-missione\/orientamento\/settimana-matematica\/settimana-matematica-2022\/laboratori-settimana-matematica-2022\/","title":{"rendered":"Laboratori Settimana Matematica 2022"},"content":{"rendered":"\n<p><strong>Laboratorio 1<\/strong>: <strong>La Matematica in orbita: dalla mela di Newton all&#8217;esplorazione spaziale<\/strong><\/p>\n\n\n\n<p><strong>Descrizione<\/strong>: <em>Negli ultimi anni sono stati raggiunti grandissimi traguardi nella storia dell&#8217;esplorazione spaziale, un&#8217;avventura iniziata sessantacinque anni fa con il primo lancio di un satellite nello spazio (Sputnik 1, 4 Ottobre 1957).&nbsp; Ma in realt\u00e0 tutto \u00e8 cominciato molto prima. Nel Seicento Newton si pose la semplice domanda &#8220;se una mela cade al suolo a causa dall&#8217;attrazione gravitazionale terrestre, perch\u00e9 la Luna, pi\u00f9 o meno sferica come una mela, e sicuramente pi\u00f9 pesante, non cade anch&#8217;essa sulla Terra?&#8221;, gettando le basi della Meccanica Celeste, lo studio matematico dei corpi che si muovono nello spazio per effetto dell\u2019interazione gravitazionale. In questo laboratorio, provando a rispondere ad alcune domande (Come si esprime matematicamente il moto di un corpo nel Sistema Solare? Il nostro Sistema Solare \u00e8 caotico?&nbsp; Come pu\u00f2 la Matematica difenderci dai pericoli provenienti dallo spazio? Qual \u00e8 il ruolo della Matematica nell\u2019esplorazione spaziale?) e risolvendo qualche esercizio esploreremo le principali tematiche della Meccanica Celeste e dell\u2019Astrodinamica, focalizzando l&#8217;attenzione sul passaggio dalla realt\u00e0 fisica al modello matematico.<\/em><\/p>\n\n\n\n<p><strong>Responsabile:&nbsp;<\/strong>Giacomo Tommei<\/p>\n\n\n\n<p><strong>Laboratorio 2<\/strong>: <strong>Quando l\u2019incognita \u00e8 una funzione<\/strong>&nbsp;<\/p>\n\n\n\n<p><strong>Descrizione: <\/strong><em>Vedremo come la soluzione di alcuni problemi di fisica si riduce al problema matematico di trovare una funzione incognita che risolve un\u2019equazione in cui appaiono anche le sue derivate. Questo tipo di equazioni si chiamano equazioni differenziali e hanno un ruolo predominante nella descrizione delle leggi fisiche, da Newton in poi. Durante il nostro laboratorio otterremo naturalmente alcune leggi ben note della fisica.<\/em><\/p>\n\n\n\n<p><strong>Responsabile: <\/strong>Alessandra Pluda<\/p>\n\n\n\n<p><strong>Laboratorio 3<\/strong>: <strong>Matematica, musica e computer<\/strong><\/p>\n\n\n\n<p><strong>Descrizione<\/strong>: <em>Come fa il nostro orecchio a distinguere il suono di un pianoforte da quello di una chitarra? Come si possono ricavare &#8220;al volo&#8221; le note e gli accordi di un pezzo musicale? \u00c8 possibile rimuovere il rumore di fondo da una registrazione venuta male o prevedere il riverbero percepito in un\u2019esecuzione musicale fatta in una cattedrale? Utilizzando propriet\u00e0 di funzioni trigonometriche e di polinomi, assieme a strumenti ideati da alcuni matematici del passato quali Jean Baptiste Joseph Fourier e Carl Friedrich Gauss, introdurremo un modello matematico che rappresenti i suoni. Dopo aver presentato teoricamente questo modello, svolgeremo della sperimentazione attraverso strumenti informatici, che ci permetteranno di ascoltare e manipolare suoni usando opportuni algoritmi. Riusciremo in questo modo a dare risposte alle domande in modo automatico e in tempo reale. Capiremo inoltre come creare artificialmente una melodia eseguita da un determinato strumento.<\/em><\/p>\n\n\n\n<p><strong>Responsabili: <\/strong>Leonardo Robol e Paola Boito<\/p>\n\n\n\n<p><strong>Laboratorio 4<\/strong>: <strong><em>Giochi, Grafi e Topologia<\/em><\/strong><\/p>\n\n\n\n<p><strong>Descrizione<\/strong>: <em>Vi \u00e8 mai capitato di trovarvi nel bel mezzo di una partita di scacchi e non essere sicuri di quale sia la strategia giusta da adottare? Nella maggior parte dei giochi da tavolo la rosa delle azioni possibili \u00e8 veramente molto ampia; come fare allora a decidere qual \u00e8 la mossa vincente? In questo laboratorio presenteremo alcuni giochi e li analizzeremo dal punto di vista matematico trovandone le tattiche migliori. Dall&#8217;esperienza diretta cercheremo di andare a fondo e dimostreremo risultati sorprendenti!<\/em><\/p>\n\n\n\n<p><strong>Responsabile:&nbsp;<\/strong>Luca Bruni<\/p>\n","protected":false},"excerpt":{"rendered":"<p>Laboratorio 1: La Matematica in orbita: dalla mela di Newton all&#8217;esplorazione spaziale Descrizione: Negli ultimi anni sono stati raggiunti grandissimi&hellip;<\/p>\n<p><a class=\"btn btn-dark btn-sm unipi-read-more-link\" href=\"https:\/\/www.dm.unipi.it\/terza-missione\/orientamento\/settimana-matematica\/settimana-matematica-2022\/laboratori-settimana-matematica-2022\/\">Leggi tutto&#8230;<\/a><\/p>\n","protected":false},"author":2,"featured_media":0,"parent":497,"menu_order":0,"comment_status":"closed","ping_status":"closed","template":"","meta":{"_acf_changed":false,"footnotes":""},"class_list":["post-482","page","type-page","status-publish","hentry"],"acf":[],"yoast_head":"<!-- This site is optimized with the Yoast SEO plugin v27.4 - https:\/\/yoast.com\/product\/yoast-seo-wordpress\/ -->\n<title>Laboratori Settimana Matematica 2022 - Terza missione<\/title>\n<meta name=\"robots\" content=\"index, follow, max-snippet:-1, max-image-preview:large, max-video-preview:-1\" \/>\n<link rel=\"canonical\" href=\"https:\/\/www.dm.unipi.it\/terza-missione\/orientamento\/settimana-matematica\/settimana-matematica-2022\/laboratori-settimana-matematica-2022\/\" \/>\n<meta property=\"og:locale\" content=\"it_IT\" \/>\n<meta property=\"og:type\" content=\"article\" \/>\n<meta property=\"og:title\" content=\"Laboratori Settimana Matematica 2022 - Terza missione\" \/>\n<meta property=\"og:description\" content=\"Laboratorio 1: La Matematica in orbita: dalla mela di Newton all&#8217;esplorazione spaziale Descrizione: Negli ultimi anni sono stati raggiunti grandissimi&hellip;Leggi tutto...\" \/>\n<meta property=\"og:url\" content=\"https:\/\/www.dm.unipi.it\/terza-missione\/orientamento\/settimana-matematica\/settimana-matematica-2022\/laboratori-settimana-matematica-2022\/\" \/>\n<meta property=\"og:site_name\" content=\"Terza missione\" \/>\n<meta property=\"article:modified_time\" content=\"2025-11-04T15:48:11+00:00\" \/>\n<meta name=\"twitter:card\" content=\"summary_large_image\" \/>\n<meta name=\"twitter:label1\" content=\"Tempo di lettura stimato\" \/>\n\t<meta name=\"twitter:data1\" content=\"3 minuti\" \/>\n<script type=\"application\/ld+json\" class=\"yoast-schema-graph\">{\"@context\":\"https:\\\/\\\/schema.org\",\"@graph\":[{\"@type\":\"WebPage\",\"@id\":\"https:\\\/\\\/www.dm.unipi.it\\\/terza-missione\\\/orientamento\\\/settimana-matematica\\\/settimana-matematica-2022\\\/laboratori-settimana-matematica-2022\\\/\",\"url\":\"https:\\\/\\\/www.dm.unipi.it\\\/terza-missione\\\/orientamento\\\/settimana-matematica\\\/settimana-matematica-2022\\\/laboratori-settimana-matematica-2022\\\/\",\"name\":\"Laboratori Settimana Matematica 2022 - Terza missione\",\"isPartOf\":{\"@id\":\"https:\\\/\\\/www.dm.unipi.it\\\/terza-missione\\\/#website\"},\"datePublished\":\"2022-04-15T18:53:27+00:00\",\"dateModified\":\"2025-11-04T15:48:11+00:00\",\"breadcrumb\":{\"@id\":\"https:\\\/\\\/www.dm.unipi.it\\\/terza-missione\\\/orientamento\\\/settimana-matematica\\\/settimana-matematica-2022\\\/laboratori-settimana-matematica-2022\\\/#breadcrumb\"},\"inLanguage\":\"it-IT\",\"potentialAction\":[{\"@type\":\"ReadAction\",\"target\":[\"https:\\\/\\\/www.dm.unipi.it\\\/terza-missione\\\/orientamento\\\/settimana-matematica\\\/settimana-matematica-2022\\\/laboratori-settimana-matematica-2022\\\/\"]}]},{\"@type\":\"BreadcrumbList\",\"@id\":\"https:\\\/\\\/www.dm.unipi.it\\\/terza-missione\\\/orientamento\\\/settimana-matematica\\\/settimana-matematica-2022\\\/laboratori-settimana-matematica-2022\\\/#breadcrumb\",\"itemListElement\":[{\"@type\":\"ListItem\",\"position\":1,\"name\":\"Home\",\"item\":\"https:\\\/\\\/www.dm.unipi.it\\\/terza-missione\\\/\"},{\"@type\":\"ListItem\",\"position\":2,\"name\":\"Orientamento\",\"item\":\"https:\\\/\\\/www.dm.unipi.it\\\/terza-missione\\\/orientamento\\\/\"},{\"@type\":\"ListItem\",\"position\":3,\"name\":\"Settimana Matematica\",\"item\":\"https:\\\/\\\/www.dm.unipi.it\\\/terza-missione\\\/orientamento\\\/settimana-matematica\\\/\"},{\"@type\":\"ListItem\",\"position\":4,\"name\":\"Settimana Matematica 2022\",\"item\":\"https:\\\/\\\/www.dm.unipi.it\\\/terza-missione\\\/orientamento\\\/settimana-matematica\\\/settimana-matematica-2022\\\/\"},{\"@type\":\"ListItem\",\"position\":5,\"name\":\"Laboratori Settimana Matematica 2022\"}]},{\"@type\":\"WebSite\",\"@id\":\"https:\\\/\\\/www.dm.unipi.it\\\/terza-missione\\\/#website\",\"url\":\"https:\\\/\\\/www.dm.unipi.it\\\/terza-missione\\\/\",\"name\":\"Terza missione\",\"description\":\"Dipartimento di Matematica - Universit\u00e0 di Pisa\",\"publisher\":{\"@id\":\"https:\\\/\\\/www.dm.unipi.it\\\/terza-missione\\\/#organization\"},\"potentialAction\":[{\"@type\":\"SearchAction\",\"target\":{\"@type\":\"EntryPoint\",\"urlTemplate\":\"https:\\\/\\\/www.dm.unipi.it\\\/terza-missione\\\/?s={search_term_string}\"},\"query-input\":{\"@type\":\"PropertyValueSpecification\",\"valueRequired\":true,\"valueName\":\"search_term_string\"}}],\"inLanguage\":\"it-IT\"},{\"@type\":\"Organization\",\"@id\":\"https:\\\/\\\/www.dm.unipi.it\\\/terza-missione\\\/#organization\",\"name\":\"Terza missione\",\"url\":\"https:\\\/\\\/www.dm.unipi.it\\\/terza-missione\\\/\",\"logo\":{\"@type\":\"ImageObject\",\"inLanguage\":\"it-IT\",\"@id\":\"https:\\\/\\\/www.dm.unipi.it\\\/terza-missione\\\/#\\\/schema\\\/logo\\\/image\\\/\",\"url\":\"https:\\\/\\\/www.dm.unipi.it\\\/terza-missione\\\/wp-content\\\/uploads\\\/sites\\\/7\\\/2022\\\/07\\\/matematica_dx_bianco-1.png\",\"contentUrl\":\"https:\\\/\\\/www.dm.unipi.it\\\/terza-missione\\\/wp-content\\\/uploads\\\/sites\\\/7\\\/2022\\\/07\\\/matematica_dx_bianco-1.png\",\"width\":1612,\"height\":463,\"caption\":\"Terza missione\"},\"image\":{\"@id\":\"https:\\\/\\\/www.dm.unipi.it\\\/terza-missione\\\/#\\\/schema\\\/logo\\\/image\\\/\"}}]}<\/script>\n<!-- \/ Yoast SEO plugin. -->","yoast_head_json":{"title":"Laboratori Settimana Matematica 2022 - Terza missione","robots":{"index":"index","follow":"follow","max-snippet":"max-snippet:-1","max-image-preview":"max-image-preview:large","max-video-preview":"max-video-preview:-1"},"canonical":"https:\/\/www.dm.unipi.it\/terza-missione\/orientamento\/settimana-matematica\/settimana-matematica-2022\/laboratori-settimana-matematica-2022\/","og_locale":"it_IT","og_type":"article","og_title":"Laboratori Settimana Matematica 2022 - Terza missione","og_description":"Laboratorio 1: La Matematica in orbita: dalla mela di Newton all&#8217;esplorazione spaziale Descrizione: Negli ultimi anni sono stati raggiunti grandissimi&hellip;Leggi tutto...","og_url":"https:\/\/www.dm.unipi.it\/terza-missione\/orientamento\/settimana-matematica\/settimana-matematica-2022\/laboratori-settimana-matematica-2022\/","og_site_name":"Terza missione","article_modified_time":"2025-11-04T15:48:11+00:00","twitter_card":"summary_large_image","twitter_misc":{"Tempo di lettura stimato":"3 minuti"},"schema":{"@context":"https:\/\/schema.org","@graph":[{"@type":"WebPage","@id":"https:\/\/www.dm.unipi.it\/terza-missione\/orientamento\/settimana-matematica\/settimana-matematica-2022\/laboratori-settimana-matematica-2022\/","url":"https:\/\/www.dm.unipi.it\/terza-missione\/orientamento\/settimana-matematica\/settimana-matematica-2022\/laboratori-settimana-matematica-2022\/","name":"Laboratori Settimana Matematica 2022 - Terza missione","isPartOf":{"@id":"https:\/\/www.dm.unipi.it\/terza-missione\/#website"},"datePublished":"2022-04-15T18:53:27+00:00","dateModified":"2025-11-04T15:48:11+00:00","breadcrumb":{"@id":"https:\/\/www.dm.unipi.it\/terza-missione\/orientamento\/settimana-matematica\/settimana-matematica-2022\/laboratori-settimana-matematica-2022\/#breadcrumb"},"inLanguage":"it-IT","potentialAction":[{"@type":"ReadAction","target":["https:\/\/www.dm.unipi.it\/terza-missione\/orientamento\/settimana-matematica\/settimana-matematica-2022\/laboratori-settimana-matematica-2022\/"]}]},{"@type":"BreadcrumbList","@id":"https:\/\/www.dm.unipi.it\/terza-missione\/orientamento\/settimana-matematica\/settimana-matematica-2022\/laboratori-settimana-matematica-2022\/#breadcrumb","itemListElement":[{"@type":"ListItem","position":1,"name":"Home","item":"https:\/\/www.dm.unipi.it\/terza-missione\/"},{"@type":"ListItem","position":2,"name":"Orientamento","item":"https:\/\/www.dm.unipi.it\/terza-missione\/orientamento\/"},{"@type":"ListItem","position":3,"name":"Settimana Matematica","item":"https:\/\/www.dm.unipi.it\/terza-missione\/orientamento\/settimana-matematica\/"},{"@type":"ListItem","position":4,"name":"Settimana Matematica 2022","item":"https:\/\/www.dm.unipi.it\/terza-missione\/orientamento\/settimana-matematica\/settimana-matematica-2022\/"},{"@type":"ListItem","position":5,"name":"Laboratori Settimana Matematica 2022"}]},{"@type":"WebSite","@id":"https:\/\/www.dm.unipi.it\/terza-missione\/#website","url":"https:\/\/www.dm.unipi.it\/terza-missione\/","name":"Terza missione","description":"Dipartimento di Matematica - Universit\u00e0 di Pisa","publisher":{"@id":"https:\/\/www.dm.unipi.it\/terza-missione\/#organization"},"potentialAction":[{"@type":"SearchAction","target":{"@type":"EntryPoint","urlTemplate":"https:\/\/www.dm.unipi.it\/terza-missione\/?s={search_term_string}"},"query-input":{"@type":"PropertyValueSpecification","valueRequired":true,"valueName":"search_term_string"}}],"inLanguage":"it-IT"},{"@type":"Organization","@id":"https:\/\/www.dm.unipi.it\/terza-missione\/#organization","name":"Terza missione","url":"https:\/\/www.dm.unipi.it\/terza-missione\/","logo":{"@type":"ImageObject","inLanguage":"it-IT","@id":"https:\/\/www.dm.unipi.it\/terza-missione\/#\/schema\/logo\/image\/","url":"https:\/\/www.dm.unipi.it\/terza-missione\/wp-content\/uploads\/sites\/7\/2022\/07\/matematica_dx_bianco-1.png","contentUrl":"https:\/\/www.dm.unipi.it\/terza-missione\/wp-content\/uploads\/sites\/7\/2022\/07\/matematica_dx_bianco-1.png","width":1612,"height":463,"caption":"Terza missione"},"image":{"@id":"https:\/\/www.dm.unipi.it\/terza-missione\/#\/schema\/logo\/image\/"}}]}},"publishpress_future_action":{"enabled":false,"date":"2026-05-04 04:10:41","action":"change-status","newStatus":"draft","terms":[],"taxonomy":"","extraData":[]},"publishpress_future_workflow_manual_trigger":{"enabledWorkflows":[]},"_links":{"self":[{"href":"https:\/\/www.dm.unipi.it\/terza-missione\/wp-json\/wp\/v2\/pages\/482","targetHints":{"allow":["GET"]}}],"collection":[{"href":"https:\/\/www.dm.unipi.it\/terza-missione\/wp-json\/wp\/v2\/pages"}],"about":[{"href":"https:\/\/www.dm.unipi.it\/terza-missione\/wp-json\/wp\/v2\/types\/page"}],"author":[{"embeddable":true,"href":"https:\/\/www.dm.unipi.it\/terza-missione\/wp-json\/wp\/v2\/users\/2"}],"replies":[{"embeddable":true,"href":"https:\/\/www.dm.unipi.it\/terza-missione\/wp-json\/wp\/v2\/comments?post=482"}],"version-history":[{"count":2,"href":"https:\/\/www.dm.unipi.it\/terza-missione\/wp-json\/wp\/v2\/pages\/482\/revisions"}],"predecessor-version":[{"id":662,"href":"https:\/\/www.dm.unipi.it\/terza-missione\/wp-json\/wp\/v2\/pages\/482\/revisions\/662"}],"up":[{"embeddable":true,"href":"https:\/\/www.dm.unipi.it\/terza-missione\/wp-json\/wp\/v2\/pages\/497"}],"wp:attachment":[{"href":"https:\/\/www.dm.unipi.it\/terza-missione\/wp-json\/wp\/v2\/media?parent=482"}],"curies":[{"name":"wp","href":"https:\/\/api.w.org\/{rel}","templated":true}]}}